{"id":9757,"date":"2022-09-06T09:20:38","date_gmt":"2022-09-06T07:20:38","guid":{"rendered":"https:\/\/www.chairkit.com\/?page_id=9757"},"modified":"2025-10-31T08:32:46","modified_gmt":"2025-10-31T07:32:46","slug":"karriere","status":"publish","type":"page","link":"https:\/\/www.chairkit.com\/en\/karriere\/","title":{"rendered":"Carrier"},"content":{"rendered":"<div class=\"wpb-content-wrapper\">\n<div class=\"mk-page-section-wrapper\" data-mk-full-width=\"true\" data-mk-full-width-init=\"true\" data-mk-stretch-content=\"true\">\n\t<div id=\"page-section-1\" class=\"mk-page-section social-hosted   full_layout full-width-1 js-el js-master-row jupiter-donut-    center-y\"  data-source=\"youtube\" data-sound=\"false\" data-intro-effect=\"false\">\n\n\t\t\t\n\t\t\t<div class=\"mk-page-section-inner\">\n\t\t\t\t\n\n\n<div style=\"background-color:#304857;opacity:0.7;\" class=\"mk-video-color-mask\"><\/div>\n\n\t\t\t\t\n\t\t<div class=\"mk-section-video   js-el\" data-mk-component=\"Parallax\" data-parallax-config='{\"speed\" : 0.3 }'>\n\t\t<div class=\"video-social-hosted mk-center-video\">\n\n\t\t\t\t\t\t\t\t\t\t\t\t\t<iframe src=\"https:\/\/www.youtube.com\/embed\/Q4tWGvykxoQ?rel=0&amp;wmode=transparent&amp;enablejsapi=1&amp;controls=0&amp;showinfo=0&amp;playsinline=1&amp;loop=1&amp;playlist=Q4tWGvykxoQ\"><\/iframe>\n\n\t\t\t\t\t\t<\/div>\n\t\t<\/div>\n\n\n\n\t\t\t\t\t\t\t<\/div>\n\n\t\t\t\n        <div class=\"page-section-content vc_row-fluid mk-grid\" >\n            <div class=\"mk-padding-wrapper wpb_row\">\n<div class=\"vc_col-sm-12 wpb_column column_container  jupiter-donut- _ jupiter-donut-height-full\">\n\t\n\n<div class=\"wpb_row vc_inner vc_row vc_row-fluid jupiter-donut-   attched-false\">\n\t\t\t<div class=\"wpb_column vc_column_container vc_col-sm-3\"><div class=\"vc_column-inner\"><div class=\"wpb_wrapper\"><\/div><\/div><\/div><div class=\"wpb_column vc_column_container vc_col-sm-6\"><div class=\"vc_column-inner\"><div class=\"wpb_wrapper\">\n<h1 id=\"fancy-title-3\" class=\"mk-fancy-title  simple-style jupiter-donut-  color-single\">\n\t<span>\n\t\t\t\t<p>MAKE A CAREER<\/p>\n\t\t\t<\/span>\n<\/h1>\n<div class=\"clearboth\"><\/div>\n\n\n\n\n<h1 id=\"fancy-title-4\" class=\"mk-fancy-title  simple-style jupiter-donut-  color-single\">\n\t<span>\n\t\t\t\t<p>AT CHAIRKIT<\/p>\n\t\t\t<\/span>\n<\/h1>\n<div class=\"clearboth\"><\/div>\n\n\n\n<\/div><\/div><\/div><div class=\"wpb_column vc_column_container vc_col-sm-3\"><div class=\"vc_column-inner\"><div class=\"wpb_wrapper\"><\/div><\/div><\/div>\t<\/div>\n<\/div>\n<\/div>\n            <div class=\"clearboth\"><\/div>\n        <\/div>\n\n\n\t\t\t\n\t\t\t\n\t\t\t\n\t\t<div class=\"clearboth\"><\/div>\n\t<\/div>\n<\/div>\n<div class=\"vc_row-full-width vc_clearfix\"><\/div>\n\n\n<div  data-mk-stretch-content=\"true\" class=\"wpb_row vc_row vc_row-fluid jupiter-donut- mk-fullwidth-false  attched-false     js-master-row  mk-grid\">\n\t\t\t\t\n<div class=\"vc_col-sm-12 wpb_column column_container  jupiter-donut- _ jupiter-donut-height-full\">\n\t\n<div id=\"padding-6\" class=\"mk-padding-divider jupiter-donut-  jupiter-donut-clearfix\"><\/div>\n\n<\/div>\n\t<\/div>\n\n<div  data-mk-stretch-content=\"true\" class=\"wpb_row vc_row vc_row-fluid jupiter-donut- mk-fullwidth-false  attched-false     js-master-row  mk-grid\">\n\t\t\t\t\n<div class=\"vc_col-sm-12 wpb_column column_container  jupiter-donut- _ jupiter-donut-height-full\">\n\t\n<h2 id=\"fancy-title-8\" class=\"mk-fancy-title  simple-style jupiter-donut-  color-single\">\n\t<span>\n\t\t\t\t<p style=\"text-align: center;\">Chairkit is the world\u00b4s leading supplier for loading conveyors. Only with a Chairkit passengers can be transported safely, easily and simply to all kind of rides, maximum efficiency is guaranteed.We would be happy to bring flow to your rides.<\/p>\n\t\t\t<\/span>\n<\/h2>\n<div class=\"clearboth\"><\/div>\n\n\n\n<\/div>\n\t<\/div>\n\n<div  data-mk-stretch-content=\"true\" class=\"wpb_row vc_row vc_row-fluid jupiter-donut- mk-fullwidth-false  attched-false     js-master-row  mk-grid\">\n\t\t\t\t\n<div class=\"vc_col-sm-12 wpb_column column_container  jupiter-donut- _ jupiter-donut-height-full\">\n\t\n<div id=\"padding-10\" class=\"mk-padding-divider jupiter-donut-  jupiter-donut-clearfix\"><\/div>\n\n<\/div>\n\t<\/div>\n\n<div class=\"mk-page-section-wrapper\" data-mk-full-width=\"true\" data-mk-full-width-init=\"true\" data-mk-stretch-content=\"true\">\n\t<div id=\"page-section-11\" class=\"mk-page-section self-hosted   full_layout full-width-11 js-el js-master-row jupiter-donut-    center-y\"    data-intro-effect=\"false\">\n\n\t\t\t\n\t\t\t<div class=\"mk-page-section-inner\">\n\t\t\t\t\n\n\n<div style=\"background-color:#ffffff;opacity:0.9;\" class=\"mk-video-color-mask\"><\/div>\n\n\t\t\t\t\n\t\t\t\t\n\t\t\t<div class=\"mk-section-preloader js-el\" data-mk-component=\"Preloader\">\n\t\t\t<div class=\"mk-section-preloader__icon\"><\/div>\n\t\t<\/div>\n\t\n\t<div class=\"background-layer-holder\">\n\t\t<div id=\"background-layer--11\" data-mk-lazyload=\"false\" class=\"background-layer mk-background-stretch none-blend-effect js-el\" data-mk-component=\"Parallax\" data-parallax-config='{\"speed\" : 0.3 }'  data-mk-img-set='{\"landscape\":{\"desktop\":\"https:\/\/www.chairkit.com\/wp-content\/uploads\/2021\/02\/img_2295-scaled.jpg\",\"tablet\":\"https:\/\/www.chairkit.com\/wp-content\/uploads\/2021\/02\/img_2295-scaled-1024x768.jpg\",\"mobile\":\"https:\/\/www.chairkit.com\/wp-content\/uploads\/2021\/02\/img_2295-scaled-736x414.jpg\"},\"responsive\":\"true\"}' >\n\t\t\t\t\t\t\t\t\t<div class=\"mk-color-layer\"><\/div>\n\t\t<\/div>\n\t<\/div>\n\n\t\t\t<\/div>\n\n\t\t\t\n        <div class=\"page-section-content vc_row-fluid mk-grid\" >\n            <div class=\"mk-padding-wrapper wpb_row\">\n<div class=\"vc_col-sm-12 wpb_column column_container  jupiter-donut- _ jupiter-donut-height-full\">\n\t\t<div class=\"vc_custom_1662455321286\">\n\n<div id=\"text-block-13\" class=\"mk-text-block  jupiter-donut-\">\n\n\t\n\t<p style=\"text-align: center;\"><strong>To strengthen our team we are looking for the earliest possible entry:<\/strong><\/p>\n\n\t<div class=\"clearboth\"><\/div>\n<\/div>\n\n\t<\/div>\n\n\n<div class=\"wpb_row vc_inner vc_row vc_row-fluid jupiter-donut-   attched-false\">\n\t\t\t<div class=\"wpb_column vc_column_container vc_col-sm-12\"><div class=\"vc_column-inner\"><div class=\"wpb_wrapper\">\n<h2 id=\"fancy-title-14\" class=\"mk-fancy-title  simple-style jupiter-donut-  color-single\">\n\t<span>\n\t\t\t\t<p style=\"text-align: center;\">Monteure\/Schlosser\/Metalltechniker (m\/w\/d)<\/p>\n\t\t\t<\/span>\n<\/h2>\n<div class=\"clearboth\"><\/div>\n\n\n\n\t<div class=\"vc_custom_1714721984999\">\n\n<div id=\"text-block-15\" class=\"mk-text-block  jupiter-donut-\">\n\n\t\n\t<h3 style=\"text-align: left;\">Your tasks:<\/h3>\n<ul style=\"text-align: left;\">\n<li>Manufacturing and assembly of components for our conveyor systems<\/li>\n<li>Repair and service of our equipment at home and abroad<\/li>\n<li>Installation and commissioning of new equipment<\/li>\n<li>Subsequently coordination and management of the assembly at the customer's site<\/li>\n<li>Implementation of the necessary manufacturing and commissioning documentation<\/li>\n<li>Independent and solution-oriented work<\/li>\n<\/ul>\n<h3 style=\"text-align: left;\">Your qualifications:<\/h3>\n<ul style=\"text-align: left;\">\n<li>completed technical education (apprenticeship, HTL, etc.)<\/li>\n<li>completed military or civilian service<\/li>\n<li>Hands-on mentality and technical understanding<\/li>\n<li>Driving license B (class E an advantage)<\/li>\n<li>Willingness to travel and flexibility<\/li>\n<li>English skills advantageous<\/li>\n<li>Experience in the assembly area and knowledge of mechatronics an advantage<\/li>\n<\/ul>\n<h3 style=\"text-align: left;\">Our offer<\/h3>\n<ul>\n<li>diversified range of tasks &amp; international fields of activity<\/li>\n<li>Open and appreciative working environment<\/li>\n<li>Flexible working time model<\/li>\n<li>individual further training opportunities<\/li>\n<li>higher-than-average salary<\/li>\n<li>Gym, company cell phone<\/li>\n<\/ul>\n\n\t<div class=\"clearboth\"><\/div>\n<\/div>\n\n\t<\/div>\n\t<div class=\"vc_custom_1714721999970\">\n\n<div id=\"text-block-16\" class=\"mk-text-block  jupiter-donut-\">\n\n\t\n\t<p style=\"text-align: center; font-size: 12px;\">For this position we offer a monthly gross salary starting at \u20ac 3,300 (basis 38.5 h\/week). The actual salary depends on education, qualification and work experience.<\/p>\n\n\t<div class=\"clearboth\"><\/div>\n<\/div>\n\n\t<\/div>\n<\/div><\/div><\/div>\t<\/div>\n\n\n<div class=\"wpb_row vc_inner vc_row vc_row-fluid jupiter-donut-   attched-false   vc_custom_1761895964848\">\n\t\t\t<div class=\"wpb_column vc_column_container vc_col-sm-12\"><div class=\"vc_column-inner\"><div class=\"wpb_wrapper\">\n<h2 id=\"fancy-title-17\" class=\"mk-fancy-title  simple-style jupiter-donut-  color-single\">\n\t<span>\n\t\t\t\t<p style=\"text-align: center;\">Design engineer (m\/f\/d)<\/p>\n\t\t\t<\/span>\n<\/h2>\n<div class=\"clearboth\"><\/div>\n\n\n\n\t<div class=\"vc_custom_1684326324967\">\n\n<div id=\"text-block-18\" class=\"mk-text-block  jupiter-donut-\">\n\n\t\n\t<h3 style=\"text-align: left;\">Your tasks:<\/h3>\n<ul style=\"text-align: left;\">\n<li>Development &amp; 3D design of components for conveyor systems<\/li>\n<li>Technical clarification and detailed elaboration of concepts<\/li>\n<li>Independent support of customer projects<\/li>\n<li>Design and calculation of components and drives<\/li>\n<li>Creation of production drawings &amp; parts lists<\/li>\n<li>Preparation of technical documentation<\/li>\n<li>Close cooperation with production, purchasing and external suppliers<\/li>\n<li>Independent and solution-oriented work<\/li>\n<\/ul>\n<h3 style=\"text-align: left;\">Your qualifications:<\/h3>\n<ul style=\"text-align: left;\">\n<li>completed technical education (HTL mechanical engineering, mechatronics, or equivalent)<\/li>\n<li>completed military or civilian service<\/li>\n<li>gute Kenntnisse in 3D-CAD (PTC Creo \/ Windchill von Vorteil)<\/li>\n<li>Good written and spoken English<\/li>\n<li>independent and accurate way of working<\/li>\n<li>Ability to work in a team, creativity and initiative<\/li>\n<\/ul>\n<h3 style=\"text-align: left;\">Our offer<\/h3>\n<ul>\n<li>diversified range of tasks &amp; international fields of activity<\/li>\n<li>Open and appreciative working environment<\/li>\n<li>Flexible working time model<\/li>\n<li>individual further training opportunities<\/li>\n<li>higher-than-average salary<\/li>\n<li>Gym<\/li>\n<\/ul>\n\n\t<div class=\"clearboth\"><\/div>\n<\/div>\n\n\t<\/div>\n\t<div class=\"vc_custom_1676971681847\">\n\n<div id=\"text-block-19\" class=\"mk-text-block  jupiter-donut-\">\n\n\t\n\t<p style=\"text-align: center; font-size: 12px;\">For this position we offer a monthly gross salary from \u20ac 2,800 (basis 38.5 h\/week). The actual salary depends on education, qualification and work experience.<\/p>\n\n\t<div class=\"clearboth\"><\/div>\n<\/div>\n\n\t<\/div>\n\t<div class=\"vc_custom_1676971681847\">\n\n<div id=\"text-block-20\" class=\"mk-text-block  jupiter-donut-\">\n\n\t\n\t<p style=\"text-align: center; font-size: 12px;\">For this position we offer a monthly gross salary from \u20ac 2,800 (basis 38.5 h\/week). The actual salary depends on education, qualification and work experience.<\/p>\n\n\t<div class=\"clearboth\"><\/div>\n<\/div>\n\n\t<\/div>\n<\/div><\/div><\/div>\t<\/div>\n\n\n<div id=\"flipbox-21\" onclick=\"\" class=\"mk-flipbox flip-horizontal  jupiter-donut- jupiter-donut-height-full\">\n\t<div class=\"mk-flipbox-holder jupiter-donut-height-full jupiter-donut-text-center jupiter-donut-no-pointer jupiter-donut-perspective jupiter-donut-bezier-1\" style=\"min-height: 250px\">\n\n\t\t<div class=\"mk-flipbox-front jupiter-donut-col-1of2 jupiter-donut-no-backface jupiter-donut-origin-center jupiter-donut-bezier-1\">\n\t\t\t<div class=\"mk-flipbox-content jupiter-donut-width-full\">\n\t\t\t\t<div class=\"front-icon jupiter-donut-padding-20\">\n\t\t\t\t\t\t\t\t\t\t\t<svg  class=\"mk-svg-icon\" data-name=\"mk-moon-drawer-3\" data-cacheid=\"icon-69ef79a9252eb\" style=\" height:16px; width: 16px; \"  xmlns=\"http:\/\/www.w3.org\/2000\/svg\" viewbox=\"0 0 512 512\"><path d=\"M449.248 0l33.622 285.78-37.74 4.44-30.026-255.22h-318.208l-30.026 255.22-37.74-4.44 33.621-285.78zm-321.248 64h256v32h-256zm0 64h256v32h-256zm0 64h256v32h-256zm0 64h256v32h-256zm368 64h-480c-8.8 0-13.723 6.83-10.94 15.179l53.88 161.642c2.783 8.349 12.26 15.179 21.06 15.179h352c8.8 0 18.276-6.83 21.06-15.179l53.881-161.643c2.783-8.348-2.141-15.178-10.941-15.178zm-176 64h-128v-32h128v32z\"\/><\/svg>\t\t\t\t\t\t\t\t\t<\/div>\n\n\t\t\t\t<div class=\"front-title jupiter-donut-padding-20\">Apply<\/div>\n\t\t\t\t<div class=\"front-desc jupiter-donut-padding-x-10-pr\"><\/div>\n\t\t\t<\/div>\n\t\t<\/div>\n\n\t\t<div class=\"mk-flipbox-back jupiter-donut-col-1of2 fold-back-horizontal jupiter-donut-no-backface chrome-flipbox-backface-fix jupiter-donut-origin-center jupiter-donut-bezier-1 jupiter-donut-pointer\">\n\t\t\t<div class=\"mk-flipbox-content jupiter-donut-width-full\">\n\n\t\t\t\t<div class=\"back-title jupiter-donut-padding-20\">Send your application to:<\/div>\n\t\t\t\t<div class=\"back-desc jupiter-donut-padding-x-10-pr\">office@chairkit.com<\/div>\n\n\t\t\t\t\n<div id=\"mk-button-22\" class=\"mk-button-container _ jupiter-donut-relative    jupiter-donut-block jupiter-donut-text-center back-button jupiter-donut-no-backface\">\n\n\t\n\t\t<a href=\"mailto:office@chairkit.com\" target=\"_blank\" class=\"mk-button js-smooth-scroll mk-button--dimension-flat mk-button--size-small mk-button--corner-pointed text-color-light _ jupiter-donut-relative jupiter-donut-text-center jupiter-donut-font-weight-700 jupiter-donut-no-backface  letter-spacing-1 jupiter-donut-inline-block\"><span class=\"mk-button--text\">office@chairkit.com<\/span><\/a>\n\n\t\n<\/div>\n\t\t\t<\/div>\n\t\t<\/div>\n\t<\/div>\n<\/div>\n<\/div>\n<\/div>\n            <div class=\"clearboth\"><\/div>\n        <\/div>\n\n\n\t\t\t\n\t\t\t\n\t\t\t\n\t\t<div class=\"clearboth\"><\/div>\n\t<\/div>\n<\/div>\n<div class=\"vc_row-full-width vc_clearfix\"><\/div>\n\n\n<div  data-mk-stretch-content=\"true\" class=\"wpb_row vc_row vc_row-fluid jupiter-donut- mk-fullwidth-false  attched-false     js-master-row vc_hidden-lg vc_hidden-xs vc_hidden-sm vc_hidden-md mk-grid\">\n\t\t\t\t\n<div class=\"vc_col-sm-12 wpb_column column_container  jupiter-donut- _ jupiter-donut-height-full\">\n\t\n<h2 id=\"fancy-title-24\" class=\"mk-fancy-title  simple-style jupiter-donut-  color-single\">\n\t<span>\n\t\t\t\t<p style=\"text-align: center;\">Customer Support Techniker (Innendienst) (m\/w\/d)<\/p>\n\t\t\t<\/span>\n<\/h2>\n<div class=\"clearboth\"><\/div>\n\n\n\n\t<div class=\"vc_custom_1693289514179\">\n\n<div id=\"text-block-25\" class=\"mk-text-block  jupiter-donut-\">\n\n\t\n\t<h3 style=\"text-align: left;\">Your tasks:<\/h3>\n<ul style=\"text-align: left;\">\n<li>Customer Service - After Sales<\/li>\n<li>Technical support in purchasing<\/li>\n<li>Technical support in the field of sales<\/li>\n<li>Quotation and order creation<\/li>\n<li>Article maintenance spare and purchased parts<\/li>\n<li>Creation and maintenance of technical documentation<\/li>\n<li>Coordination of repair &amp; service orders in coordination with production<\/li>\n<li>Close cooperation with the sales, purchasing, project management and production departments<\/li>\n<li>Case-by-case implementation of production and assembly planning, coordination of production and assembly<\/li>\n<li>Participation in the constant further development of our systems, inputs from the after-sales department<\/li>\n<\/ul>\n<h3 style=\"text-align: left;\">Your qualifications:<\/h3>\n<ul style=\"text-align: left;\">\n<li>Technical understanding<\/li>\n<li>Completed technical training in the field of mechanical engineering, mechatronics or metal technology (HTL, technical school, master craftsman or similar) is an advantage<\/li>\n<li>Completed presence service<\/li>\n<li>Good written and spoken English<\/li>\n<li>Good Office skills (especially Excel)<\/li>\n<li>Independent and accurate way of working<\/li>\n<li>Ability to work in a team, initiative &amp; flexibility<\/li>\n<\/ul>\n<h3 style=\"text-align: left;\">Our offer<\/h3>\n<ul>\n<li>diversified range of tasks &amp; international fields of activity<\/li>\n<li>Open and appreciative working environment<\/li>\n<li>Flexible working time model<\/li>\n<li>individual further training opportunities<\/li>\n<li>higher-than-average salary<\/li>\n<li>Gym<\/li>\n<\/ul>\n\n\t<div class=\"clearboth\"><\/div>\n<\/div>\n\n\t<\/div>\n<\/div>\n\t<\/div>\n\n<\/div>","protected":false},"excerpt":{"rendered":"KARRIERE MACHEN BEI CHAIRKIT Chairkit ist der weltweit f\u00fchrende Anbieter von Einstiegssystemen. Nur mit einem Chairkit k\u00f6nnen Fahrg\u00e4ste gleichm\u00e4\u00dfig, sicher und einfach zu Fahrgesch\u00e4ften aller Art transportiert werden, maximale Effizienz ist dabei garantiert. Wir w\u00fcrden uns freuen Ihr Fahrgesch\u00e4ft ins Rollen zu bringen. Zur Verst\u00e4rkung unseres Teams suchen wir zum ehestm\u00f6glichen Eintritt: Monteure\/Schlosser\/Metalltechniker (m\/w\/d) Deine [...]","protected":false},"author":1,"featured_media":0,"parent":0,"menu_order":0,"comment_status":"closed","ping_status":"closed","template":"","meta":{"footnotes":""},"class_list":["post-9757","page","type-page","status-publish","hentry"],"_links":{"self":[{"href":"https:\/\/www.chairkit.com\/en\/wp-json\/wp\/v2\/pages\/9757","targetHints":{"allow":["GET"]}}],"collection":[{"href":"https:\/\/www.chairkit.com\/en\/wp-json\/wp\/v2\/pages"}],"about":[{"href":"https:\/\/www.chairkit.com\/en\/wp-json\/wp\/v2\/types\/page"}],"author":[{"embeddable":true,"href":"https:\/\/www.chairkit.com\/en\/wp-json\/wp\/v2\/users\/1"}],"replies":[{"embeddable":true,"href":"https:\/\/www.chairkit.com\/en\/wp-json\/wp\/v2\/comments?post=9757"}],"version-history":[{"count":40,"href":"https:\/\/www.chairkit.com\/en\/wp-json\/wp\/v2\/pages\/9757\/revisions"}],"predecessor-version":[{"id":9916,"href":"https:\/\/www.chairkit.com\/en\/wp-json\/wp\/v2\/pages\/9757\/revisions\/9916"}],"wp:attachment":[{"href":"https:\/\/www.chairkit.com\/en\/wp-json\/wp\/v2\/media?parent=9757"}],"curies":[{"name":"wp","href":"https:\/\/api.w.org\/{rel}","templated":true}]}}