{"id":8698,"date":"2021-02-02T10:26:56","date_gmt":"2021-02-02T09:26:56","guid":{"rendered":"http:\/\/chairkit.cloud02.webhome.at\/?page_id=8698"},"modified":"2023-04-07T08:58:20","modified_gmt":"2023-04-07T06:58:20","slug":"downloads","status":"publish","type":"page","link":"https:\/\/www.chairkit.com\/en\/downloads\/","title":{"rendered":"Downloads"},"content":{"rendered":"<div class=\"wpb-content-wrapper\">\n<div class=\"mk-page-section-wrapper\" data-mk-full-width=\"true\" data-mk-full-width-init=\"true\" data-mk-stretch-content=\"true\">\n\t<div id=\"page-section-1\" class=\"mk-page-section social-hosted   full_layout full-width-1 js-el js-master-row jupiter-donut-    center-y\"  data-source=\"youtube\" data-sound=\"false\" data-intro-effect=\"false\">\n\n\t\t\t\n\t\t\t<div class=\"mk-page-section-inner\">\n\t\t\t\t\n\n\n<div style=\"background-color:#304857;opacity:0.7;\" class=\"mk-video-color-mask\"><\/div>\n\n\t\t\t\t\n\t\t<div class=\"mk-section-video   js-el\" data-mk-component=\"Parallax\" data-parallax-config='{\"speed\" : 0.3 }'>\n\t\t<div class=\"video-social-hosted mk-center-video\">\n\n\t\t\t\t\t\t\t\t\t\t\t\t\t<iframe src=\"https:\/\/www.youtube.com\/embed\/Q4tWGvykxoQ?rel=0&amp;wmode=transparent&amp;enablejsapi=1&amp;controls=0&amp;showinfo=0&amp;playsinline=1&amp;loop=1&amp;playlist=Q4tWGvykxoQ\"><\/iframe>\n\n\t\t\t\t\t\t<\/div>\n\t\t<\/div>\n\n\n\n\t\t\t\t\t\t\t<\/div>\n\n\t\t\t\n        <div class=\"page-section-content vc_row-fluid mk-grid\" >\n            <div class=\"mk-padding-wrapper wpb_row\">\n<div class=\"vc_col-sm-12 wpb_column column_container  jupiter-donut- _ jupiter-donut-height-full\">\n\t\n\n<div class=\"wpb_row vc_inner vc_row vc_row-fluid jupiter-donut-   attched-false\">\n\t\t\t<div class=\"wpb_column vc_column_container vc_col-sm-3\"><div class=\"vc_column-inner\"><div class=\"wpb_wrapper\"><\/div><\/div><\/div><div class=\"wpb_column vc_column_container vc_col-sm-6 vc_col-has-fill\"><div class=\"vc_column-inner vc_custom_1612520759283\"><div class=\"wpb_wrapper\">\n<h1 id=\"fancy-title-3\" class=\"mk-fancy-title  simple-style jupiter-donut-  color-single\">\n\t<span>\n\t\t\t\t<p>DOWNLOADS<\/p>\n\t\t\t<\/span>\n<\/h1>\n<div class=\"clearboth\"><\/div>\n\n\n\n<\/div><\/div><\/div><div class=\"wpb_column vc_column_container vc_col-sm-3\"><div class=\"vc_column-inner\"><div class=\"wpb_wrapper\"><\/div><\/div><\/div>\t<\/div>\n<\/div>\n<\/div>\n            <div class=\"clearboth\"><\/div>\n        <\/div>\n\n\n\t\t\t\n\t\t\t\n\t\t\t\n\t\t<div class=\"clearboth\"><\/div>\n\t<\/div>\n<\/div>\n<div class=\"vc_row-full-width vc_clearfix\"><\/div>\n\n\n<div  data-mk-stretch-content=\"true\" class=\"wpb_row vc_row vc_row-fluid jupiter-donut- mk-fullwidth-false add-padding-0 attched-true winter   vc_custom_1612520963078  equal-columns js-master-row  mk-grid\">\n\t\t\t\t\n<div class=\"vc_col-sm-6 wpb_column column_container vc_custom_1619440900519 jupiter-donut- _ jupiter-donut-height-full\">\n\t\n<h1 id=\"fancy-title-5\" class=\"mk-fancy-title  simple-style jupiter-donut-  color-single\">\n\t<span>\n\t\t\t\t<p>AMUSEMENT\/WATER PARKS<\/p>\n\t\t\t<\/span>\n<\/h1>\n<div class=\"clearboth\"><\/div>\n\n\n\n<div class=\"vc_btn3-container vc_btn3-center vc_custom_1657719231542 vc_do_btn\" ><a class=\"vc_general vc_btn3 vc_btn3-size-md vc_btn3-shape-square vc_btn3-style-classic vc_btn3-icon-left vc_btn3-color-default\" href=\"https:\/\/www.chairkit.com\/wp-content\/uploads\/2022\/06\/sommerbroschure.pdf\" title=\"\" target=\"_blank\"><i class=\"vc_btn3-icon fas fa-arrow-circle-down\"><\/i> Summer brochure<\/a><\/div><\/div>\n\n<div class=\"vc_col-sm-6 wpb_column column_container vc_custom_1612521223274 jupiter-donut- _ jupiter-donut-height-full\">\n\t\n<h1 id=\"fancy-title-7\" class=\"mk-fancy-title  simple-style jupiter-donut-  color-single\">\n\t<span>\n\t\t\t\t<p>MOUNTAIN RAILWAYS\/WINTER SPORTS<\/p>\n\t\t\t<\/span>\n<\/h1>\n<div class=\"clearboth\"><\/div>\n\n\n\n<div class=\"vc_btn3-container vc_btn3-center vc_custom_1657719247515 vc_do_btn\" ><a class=\"vc_general vc_btn3 vc_btn3-size-md vc_btn3-shape-square vc_btn3-style-classic vc_btn3-icon-left vc_btn3-color-default\" href=\"https:\/\/www.chairkit.com\/wp-content\/uploads\/2022\/06\/foerderbandfixgeklemmtd-e.pdf\" title=\"\" target=\"_blank\"><i class=\"vc_btn3-icon fas fa-arrow-circle-down\"><\/i> Conveyor belt fixed clamped<\/a><\/div><div class=\"vc_btn3-container vc_btn3-center vc_custom_1657719261349 vc_do_btn\" ><a class=\"vc_general vc_btn3 vc_btn3-size-md vc_btn3-shape-square vc_btn3-style-classic vc_btn3-icon-left vc_btn3-color-default\" href=\"https:\/\/www.chairkit.com\/wp-content\/uploads\/2022\/06\/foerderbandkuppelbard-e.pdf\" title=\"\" target=\"_blank\"><i class=\"vc_btn3-icon fas fa-arrow-circle-down\"><\/i> Conveyor belt detachable<\/a><\/div><div class=\"vc_btn3-container vc_btn3-center vc_custom_1657719278389 vc_do_btn\" ><a class=\"vc_general vc_btn3 vc_btn3-size-md vc_btn3-shape-square vc_btn3-style-classic vc_btn3-icon-left vc_btn3-color-default\" href=\"https:\/\/www.chairkit.com\/wp-content\/uploads\/2022\/06\/load-here-plattform.pdf\" title=\"\" target=\"_blank\"><i class=\"vc_btn3-icon fas fa-arrow-circle-down\"><\/i> Load Here Platform<\/a><\/div><div class=\"vc_btn3-container vc_btn3-center vc_custom_1680850697745 vc_do_btn\" ><a class=\"vc_general vc_btn3 vc_btn3-size-md vc_btn3-shape-square vc_btn3-style-classic vc_btn3-icon-left vc_btn3-color-default\" href=\"https:\/\/www.chairkit.com\/wp-content\/uploads\/2022\/06\/zugangsschranke-forderband-d-e.pdf\" title=\"\" target=\"_blank\"><i class=\"vc_btn3-icon fas fa-arrow-circle-down\"><\/i> Access barrier Conveyor belt<\/a><\/div><div class=\"vc_btn3-container vc_btn3-center vc_custom_1680850636963 vc_do_btn\" ><a class=\"vc_general vc_btn3 vc_btn3-size-md vc_btn3-shape-square vc_btn3-style-classic vc_btn3-icon-left vc_btn3-color-default\" href=\"https:\/\/www.chairkit.com\/wp-content\/uploads\/2022\/06\/zugangsschranke-alleinstehend-d-e.pdf\" title=\"\" target=\"_blank\"><i class=\"vc_btn3-icon fas fa-arrow-circle-down\"><\/i> Access barrier single<\/a><\/div><div class=\"vc_btn3-container vc_btn3-center vc_custom_1657719344221 vc_do_btn\" ><a class=\"vc_general vc_btn3 vc_btn3-size-md vc_btn3-shape-square vc_btn3-style-classic vc_btn3-icon-left vc_btn3-color-default\" href=\"https:\/\/www.chairkit.com\/wp-content\/uploads\/2022\/06\/textilgurt-fur-fremdanlagen-d-e.pdf\" title=\"\" target=\"_blank\"><i class=\"vc_btn3-icon fas fa-arrow-circle-down\"><\/i> Textile belt for third-party systems<\/a><\/div><div class=\"vc_btn3-container vc_btn3-center vc_custom_1657719318164 vc_do_btn\" ><a class=\"vc_general vc_btn3 vc_btn3-size-md vc_btn3-shape-square vc_btn3-style-classic vc_btn3-icon-left vc_btn3-color-default\" href=\"https:\/\/www.chairkit.com\/wp-content\/uploads\/2022\/06\/zubehor-gurtreparatur-set.pdf\" title=\"\" target=\"_blank\"><i class=\"vc_btn3-icon fas fa-arrow-circle-down\"><\/i> Belt repair kit<\/a><\/div><\/div>\n\t<\/div>\n\n<\/div>","protected":false},"excerpt":{"rendered":"DOWNLOADS FREIZEIT-\/WASSERPARKS Sommerbrosch\u00fcre BERGBAHNEN\/WINTERSPORT F\u00f6rderband fixgeklemmt F\u00f6rderband kuppelbar Load Here Plattform Zugangsschranke F\u00f6rderband Zugangsschranke alleinstehend Textilgurt f\u00fcr Fremdanlagen Gurtreparaturset","protected":false},"author":1,"featured_media":0,"parent":0,"menu_order":0,"comment_status":"closed","ping_status":"closed","template":"","meta":{"footnotes":""},"class_list":["post-8698","page","type-page","status-publish","hentry"],"_links":{"self":[{"href":"https:\/\/www.chairkit.com\/en\/wp-json\/wp\/v2\/pages\/8698","targetHints":{"allow":["GET"]}}],"collection":[{"href":"https:\/\/www.chairkit.com\/en\/wp-json\/wp\/v2\/pages"}],"about":[{"href":"https:\/\/www.chairkit.com\/en\/wp-json\/wp\/v2\/types\/page"}],"author":[{"embeddable":true,"href":"https:\/\/www.chairkit.com\/en\/wp-json\/wp\/v2\/users\/1"}],"replies":[{"embeddable":true,"href":"https:\/\/www.chairkit.com\/en\/wp-json\/wp\/v2\/comments?post=8698"}],"version-history":[{"count":30,"href":"https:\/\/www.chairkit.com\/en\/wp-json\/wp\/v2\/pages\/8698\/revisions"}],"predecessor-version":[{"id":9832,"href":"https:\/\/www.chairkit.com\/en\/wp-json\/wp\/v2\/pages\/8698\/revisions\/9832"}],"wp:attachment":[{"href":"https:\/\/www.chairkit.com\/en\/wp-json\/wp\/v2\/media?parent=8698"}],"curies":[{"name":"wp","href":"https:\/\/api.w.org\/{rel}","templated":true}]}}