{"id":8696,"date":"2021-02-02T10:26:29","date_gmt":"2021-02-02T09:26:29","guid":{"rendered":"http:\/\/chairkit.cloud02.webhome.at\/?page_id=8696"},"modified":"2022-07-11T15:24:08","modified_gmt":"2022-07-11T13:24:08","slug":"winter","status":"publish","type":"page","link":"https:\/\/www.chairkit.com\/en\/winter\/","title":{"rendered":"LOADING SYSTEMS CHAIRLIFTS"},"content":{"rendered":"<div class=\"wpb-content-wrapper\">\n<div class=\"mk-page-section-wrapper\" data-mk-full-width=\"true\" data-mk-full-width-init=\"true\" data-mk-stretch-content=\"true\">\n\t<div id=\"page-section-1\" class=\"mk-page-section social-hosted   full_layout full-width-1 js-el js-master-row jupiter-donut-hidden-sm    center-y\"  data-source=\"youtube\" data-sound=\"false\" data-intro-effect=\"false\">\n\n\t\t\t\n\t\t\t<div class=\"mk-page-section-inner\">\n\t\t\t\t\n\n\n<div style=\"background-color:#304857;opacity:0.7;\" class=\"mk-video-color-mask\"><\/div>\n\n\t\t\t\t\n\t\t<div class=\"mk-section-video   js-el\" data-mk-component=\"Parallax\" data-parallax-config='{\"speed\" : 0.3 }'>\n\t\t<div class=\"video-social-hosted mk-center-video\">\n\n\t\t\t\t\t\t\t\t\t\t\t\t\t<iframe src=\"https:\/\/www.youtube.com\/embed\/Q4tWGvykxoQ?rel=0&amp;wmode=transparent&amp;enablejsapi=1&amp;controls=0&amp;showinfo=0&amp;playsinline=1&amp;loop=1&amp;playlist=Q4tWGvykxoQ\"><\/iframe>\n\n\t\t\t\t\t\t<\/div>\n\t\t<\/div>\n\n\n\n\t\t\t\t\t\t\t<\/div>\n\n\t\t\t\n        <div class=\"page-section-content vc_row-fluid mk-grid\" >\n            <div class=\"mk-padding-wrapper wpb_row\">\n<div class=\"vc_col-sm-12 wpb_column column_container  jupiter-donut- _ jupiter-donut-height-full\">\n\t\n\n<div class=\"wpb_row vc_inner vc_row vc_row-fluid jupiter-donut-  add-padding-0 attched-true\">\n\t\t\t<div class=\"wpb_column vc_column_container vc_col-sm-12\"><div class=\"vc_column-inner\"><div class=\"wpb_wrapper\"><\/div><\/div><\/div>\t<\/div>\n\n\n<div class=\"wpb_row vc_inner vc_row vc_row-fluid jupiter-donut-   attched-false\">\n\t\t\t<div class=\"wpb_column vc_column_container vc_col-sm-12\"><div class=\"vc_column-inner\"><div class=\"wpb_wrapper\">\n<h1 id=\"fancy-title-3\" class=\"mk-fancy-title  simple-style jupiter-donut-  color-single\">\n\t<span>\n\t\t\t\t<p>LOADING SYSTEMS<\/p>\n\t\t\t<\/span>\n<\/h1>\n<div class=\"clearboth\"><\/div>\n\n\n\n\n<h1 id=\"fancy-title-4\" class=\"mk-fancy-title  simple-style jupiter-donut-  color-single\">\n\t<span>\n\t\t\t\t<p>CHAIRLIFTS<\/p>\n\t\t\t<\/span>\n<\/h1>\n<div class=\"clearboth\"><\/div>\n\n\n\n<\/div><\/div><\/div>\t<\/div>\n<\/div>\n<\/div>\n            <div class=\"clearboth\"><\/div>\n        <\/div>\n\n\n\t\t\t\n\t\t\t\n\t\t\t\n\t\t<div class=\"clearboth\"><\/div>\n\t<\/div>\n<\/div>\n<div class=\"vc_row-full-width vc_clearfix\"><\/div>\n\n\n<div  data-mk-stretch-content=\"true\" class=\"wpb_row vc_row vc_row-fluid jupiter-donut-hidden-sm mk-fullwidth-false  attched-false    vc_custom_1657545815332  js-master-row  mk-grid\">\n\t\t\t\t\n<div class=\"vc_col-sm-6 wpb_column column_container  jupiter-donut- _ jupiter-donut-height-full\">\n\t\n\t<div class=\"wpb_raw_code wpb_raw_html wpb_content_element\" >\n\t\t<div class=\"wpb_wrapper\">\n\t\t\t\t\t\t<!-- Flexy Breadcrumb -->\r\n\t\t\t<div class=\"fbc fbc-page\">\r\n\r\n\t\t\t\t<!-- Breadcrumb wrapper -->\r\n\t\t\t\t<div class=\"fbc-wrap\">\r\n\r\n\t\t\t\t\t<!-- Ordered list-->\r\n\t\t\t\t\t<ol class=\"fbc-items\" itemscope itemtype=\"https:\/\/schema.org\/BreadcrumbList\">\r\n\t\t\t\t\t\t            <li itemprop=\"itemListElement\" itemscope itemtype=\"https:\/\/schema.org\/ListItem\">\r\n                <span itemprop=\"name\">\r\n                    <!-- Home Link -->\r\n                    <a itemprop=\"item\" href=\"https:\/\/www.chairkit.com\/en\">\r\n                    \r\n                        Home                    <\/a>\r\n                <\/span>\r\n                <meta itemprop=\"position\" content=\"1\" \/><!-- Meta Position-->\r\n             <\/li><li><span class=\"fbc-separator\">> <\/span><\/li><li class=\"active\" itemprop=\"itemListElement\" itemscope itemtype=\"https:\/\/schema.org\/ListItem\"><span itemprop=\"name\" title=\"LOADING SYSTEMS CHAIRLIFTS\">LOADING SYSTEMS CHAIRLIFTS<\/span><meta itemprop=\"position\" content=\"2\" \/><\/li>\t\t\t\t\t<\/ol>\r\n\t\t\t\t\t<div class=\"clearfix\"><\/div>\r\n\t\t\t\t<\/div>\r\n\t\t\t<\/div>\r\n\t\t\t\n\t\t<\/div>\n\t<\/div>\n<\/div>\n\n<div class=\"vc_col-sm-6 wpb_column column_container  jupiter-donut- _ jupiter-donut-height-full\">\n\t<\/div>\n\t<\/div>\n\n<div  data-mk-stretch-content=\"true\" class=\"wpb_row vc_row vc_row-fluid jupiter-donut- mk-fullwidth-false add-padding-0 attched-true winter   vc_custom_1612444217049  equal-columns js-master-row  mk-grid\">\n\t\t\t\t\n<div class=\"vc_col-sm-12 wpb_column column_container  jupiter-donut- _ jupiter-donut-height-full\">\n\t\n<div class=\"portfolio-grid  portfolio-grid-lazyload jupiter-donut-\">\n\t <div class=\"ajax-container page-bg-color\">\n\t <div class=\"ajax-controls\">\n\t\t  <a href=\"#\" class=\"close-ajax\"><svg  class=\"mk-svg-icon\" data-name=\"mk-moon-close-2\" data-cacheid=\"icon-69ef898802a07\" style=\" height:16px; width: 16px; \"  xmlns=\"http:\/\/www.w3.org\/2000\/svg\" viewbox=\"0 0 512 512\"><path d=\"M390.628 345.372l-45.256 45.256-89.372-89.373-89.373 89.372-45.255-45.255 89.373-89.372-89.372-89.373 45.254-45.254 89.373 89.372 89.372-89.373 45.256 45.255-89.373 89.373 89.373 89.372z\"\/><\/svg><\/a>\n\t\t  <a href=\"#\" class=\"next-ajax\"><svg  class=\"mk-svg-icon\" data-name=\"mk-jupiter-icon-arrow-right\" data-cacheid=\"icon-69ef898802b7d\" style=\" height:16px; width: 16px; \"  xmlns=\"http:\/\/www.w3.org\/2000\/svg\" viewbox=\"0 0 512 512\"><path d=\"M144 505.6c8 0 16-3.2 22.4-8l240-225.6c6.4-6.4 9.6-14.4 9.6-22.4s-3.2-16-9.6-22.4l-240-224c-12.8-12.8-32-12.8-44.8 0s-11.2 32 1.6 44.8l214.4 201.6-216 203.2c-12.8 11.2-12.8 32 0 44.8 6.4 4.8 14.4 8 22.4 8z\"\/><\/svg><\/a>\n\t\t  <a href=\"#\" class=\"prev-ajax\"><svg  class=\"mk-svg-icon\" data-name=\"mk-jupiter-icon-arrow-left\" data-cacheid=\"icon-69ef898802c69\" style=\" height:16px; width: 16px; \"  xmlns=\"http:\/\/www.w3.org\/2000\/svg\" viewbox=\"0 0 512 512\"><path d=\"M368 505.6c-8 0-16-3.2-22.4-8l-240-225.6c-6.4-6.4-9.6-14.4-9.6-24 0-8 3.2-16 9.6-22.4l240-224c12.8-11.2 33.6-11.2 44.8 1.6 12.8 12.8 11.2 32-1.6 44.8l-214.4 201.6 216 203.2c12.8 11.2 12.8 32 0 44.8-4.8 4.8-14.4 8-22.4 8z\"\/><\/svg><\/a>\n\t <\/div><\/div>\n\n\n\t<div id=\"loop-main-wrapper-8\">\n\t<section id=\"loop-8\" data-query=\"eyJwb3N0X3R5cGUiOiJwb3J0Zm9saW8iLCJjb3VudCI6IjE1Iiwib2Zmc2V0IjowLCJjYXRlZ29yaWVzIjoiIiwiYXV0aG9yIjoiIiwicG9zdHMiOiI4Njc1LCA4ODU0LCA4ODU2LCA4ODU4LCA4ODYwLCA4ODYzIiwib3JkZXJieSI6ImRhdGUiLCJvcmRlciI6IkFTQyJ9\" data-loop-atts=\"eyJzaG9ydGNvZGVfbmFtZSI6Im1rX3BvcnRmb2xpbyIsInN0eWxlIjoiZ3JpZCIsImNvbHVtbiI6MywiYWpheCI6ImZhbHNlIiwibGF5b3V0IjpudWxsLCJoZWlnaHQiOjMwMCwicGFnaW5hdGlvbiI6ImZhbHNlIiwidGFyZ2V0IjoiX3NlbGYiLCJtZXRhX3R5cGUiOiJjYXRlZ29yeSIsInBlcm1hbGlua19pY29uIjoidHJ1ZSIsInpvb21faWNvbiI6ImZhbHNlIiwiZ3JpZF9zcGFjaW5nIjoiMCIsImhvdmVyX3NjZW5hcmlvcyI6Inpvb21pbiIsImltYWdlX3NpemUiOiJjcm9wIiwiZXhjZXJwdF9sZW5ndGgiOjIwMCwicGVybWFsaW5rX2ljb25fbmFtZSI6Im1rLWp1cGl0ZXItaWNvbi1hcnJvdy1jaXJjbGUiLCJ6b29tX2ljb25fbmFtZSI6Im1rLWp1cGl0ZXItaWNvbi1wbHVzLWNpcmNsZSIsImxhenlsb2FkIjoiZmFsc2UiLCJyIjowfQ==\" data-pagination-style=\"0\" data-max-pages=\"1\" data-loop-iterator=\"15\" data-loop-categories=\"\" data-loop-author=\"\" data-loop-posts=\"8675, 8854, 8856, 8858, 8860, 8863\" class=\"mk-portfolio-container js-loop js-el mk-portfolio-grid   jupiter-donut-clearfix\">\n\t<div class=\"portfolio-loader\"><div><div class=\"mk-preloader\"><\/div><\/div><\/div>\n\t\n<article id=\"8675\" class=\"mk-portfolio-item mk-portfolio-grid-item three-column zoomin-hover\" >\n\n    <div class=\"item-holder\">\n\n        <div class=\"featured-image js-taphover\" onclick=\"\">\n\n            <img decoding=\"async\" class=\"portfolio-image\" alt=\"F\u00f6rderb\u00e4nder fu\u0308r kuppelbare Sesselbahnen\" title=\"CONVEYOR FOR DETACHABLE CHAIRLIFTS\" src=\"https:\/\/www.chairkit.com\/wp-content\/uploads\/bfi_thumb\/dummy-transparent-rinibzyarkoqwgvkbtdchf1owg7rcxbmcb0s7ppo54.png\" data-mk-image-src-set='{\"default\":\"https:\/\/www.chairkit.com\/wp-content\/uploads\/bfi_thumb\/bild-05-kuppelbare-anlage-scaled-rkomsus3rq3v3htprobau8yx7vdzsxqvz8b1jvdp4o.jpg\",\"2x\":\"https:\/\/www.chairkit.com\/wp-content\/uploads\/bfi_thumb\/bild-05-kuppelbare-anlage-scaled-rkomsus8j75svlciheau51u7iv9n3qtdf2n8cretbk.jpg\",\"mobile\":\"\",\"responsive\":\"true\"}'  width=\"391\" height=\"300\"  \/>\n\n                \t    <div class=\"image-hover-overlay\"><\/div>\n\t\n                                    <div class=\"icons-holder\">\n                        \n<a class=\"hover-icon from-left project-load\" target=\"_self\" href=\"https:\/\/www.chairkit.com\/en\/portfolio-posts\/portfolio-01-2\/\" data-post-id=\"8675\"><svg  class=\"mk-svg-icon\" data-name=\"mk-jupiter-icon-arrow-circle\" data-cacheid=\"icon-69ef898807f52\" style=\" height:32px; width: 32px; \"  xmlns=\"http:\/\/www.w3.org\/2000\/svg\" viewbox=\"0 0 512 512\"><path d=\"M240 24c115.2 0 209.6 94.4 209.6 209.6s-94.4 209.6-209.6 209.6-209.6-94.4-209.6-209.6 94.4-209.6 209.6-209.6zm0-30.4c-132.8 0-240 107.2-240 240s107.2 240 240 240 240-107.2 240-240-107.2-240-240-240zm16 336c-4.8 0-8-1.6-11.2-4.8-6.4-6.4-6.4-16 0-22.4l68.8-68.8-68.8-68.8c-6.4-6.4-6.4-16 0-22.4s16-6.4 22.4 0l80 80c6.4 6.4 6.4 16 0 22.4l-80 80c-3.2 3.2-8 4.8-11.2 4.8zm80-80h-192c-9.6 0-16-6.4-16-16s6.4-16 16-16h192c9.6 0 16 6.4 16 16s-8 16-16 16z\"\/><\/svg><\/a>                    <\/div>\n\n                    <div class=\"portfolio-meta\">\n                        <div class=\"add-middle-align\">\n                            <h3 class=\"the-title\"><a target=\"_self\" href=\"https:\/\/www.chairkit.com\/en\/portfolio-posts\/portfolio-01-2\/\">CONVEYOR FOR DETACHABLE CHAIRLIFTS<\/a><\/h3><div class=\"clearboth\"><\/div>\t<div class=\"portfolio-categories\"><\/div>\n                        <\/div>\n                    <\/div><!-- Portfolio meta -->\n                \n        <\/div><!-- Featured Image -->\n    <\/div><!-- Item Holder -->\n<\/article>\n\n<article id=\"8854\" class=\"mk-portfolio-item mk-portfolio-grid-item three-column zoomin-hover\" >\n\n    <div class=\"item-holder\">\n\n        <div class=\"featured-image js-taphover\" onclick=\"\">\n\n            <img decoding=\"async\" class=\"portfolio-image\" alt=\"F\u00f6rderb\u00e4nder fu\u0308r fix geklemmte Sesselbahnen\" title=\"Conveyor for fixed grip chairlifts\" src=\"https:\/\/www.chairkit.com\/wp-content\/uploads\/bfi_thumb\/dummy-transparent-rinibzyarkoqwgvkbtdchf1owg7rcxbmcb0s7ppo54.png\" data-mk-image-src-set='{\"default\":\"https:\/\/www.chairkit.com\/wp-content\/uploads\/bfi_thumb\/bild-06-fix-geklemmte-anlage-rkon7ec7ig0kqap7ugmhx2uo3hpfwchdn7ohuzteuw.jpg\",\"2x\":\"https:\/\/www.chairkit.com\/wp-content\/uploads\/bfi_thumb\/bild-06-fix-geklemmte-anlage-rkon7ecc9x2iie80k6m17vpyehl375jv320onvuj1s.jpg\",\"mobile\":\"\",\"responsive\":\"true\"}'  width=\"391\" height=\"300\"  \/>\n\n                \t    <div class=\"image-hover-overlay\"><\/div>\n\t\n                                    <div class=\"icons-holder\">\n                        \n<a class=\"hover-icon from-left project-load\" target=\"_self\" href=\"https:\/\/www.chairkit.com\/en\/portfolio-posts\/fix-geklemmte-anlagen\/\" data-post-id=\"8854\"><svg  class=\"mk-svg-icon\" data-name=\"mk-jupiter-icon-arrow-circle\" data-cacheid=\"icon-69ef89880b24b\" style=\" height:32px; width: 32px; \"  xmlns=\"http:\/\/www.w3.org\/2000\/svg\" viewbox=\"0 0 512 512\"><path d=\"M240 24c115.2 0 209.6 94.4 209.6 209.6s-94.4 209.6-209.6 209.6-209.6-94.4-209.6-209.6 94.4-209.6 209.6-209.6zm0-30.4c-132.8 0-240 107.2-240 240s107.2 240 240 240 240-107.2 240-240-107.2-240-240-240zm16 336c-4.8 0-8-1.6-11.2-4.8-6.4-6.4-6.4-16 0-22.4l68.8-68.8-68.8-68.8c-6.4-6.4-6.4-16 0-22.4s16-6.4 22.4 0l80 80c6.4 6.4 6.4 16 0 22.4l-80 80c-3.2 3.2-8 4.8-11.2 4.8zm80-80h-192c-9.6 0-16-6.4-16-16s6.4-16 16-16h192c9.6 0 16 6.4 16 16s-8 16-16 16z\"\/><\/svg><\/a>                    <\/div>\n\n                    <div class=\"portfolio-meta\">\n                        <div class=\"add-middle-align\">\n                            <h3 class=\"the-title\"><a target=\"_self\" href=\"https:\/\/www.chairkit.com\/en\/portfolio-posts\/fix-geklemmte-anlagen\/\">Conveyor for fixed grip chairlifts<\/a><\/h3><div class=\"clearboth\"><\/div>\t<div class=\"portfolio-categories\"><\/div>\n                        <\/div>\n                    <\/div><!-- Portfolio meta -->\n                \n        <\/div><!-- Featured Image -->\n    <\/div><!-- Item Holder -->\n<\/article>\n\n<article id=\"8856\" class=\"mk-portfolio-item mk-portfolio-grid-item three-column zoomin-hover\" >\n\n    <div class=\"item-holder\">\n\n        <div class=\"featured-image js-taphover\" onclick=\"\">\n\n            <img decoding=\"async\" class=\"portfolio-image\" alt=\"Load Here Plattformen\" title=\"Load Here Plattforms\" src=\"https:\/\/www.chairkit.com\/wp-content\/uploads\/bfi_thumb\/dummy-transparent-rinibzyarkoqwgvkbtdchf1owg7rcxbmcb0s7ppo54.png\" data-mk-image-src-set='{\"default\":\"https:\/\/www.chairkit.com\/wp-content\/uploads\/bfi_thumb\/bild-08-load-here-plattform-kitzbuhel-scaled-rkomsb1hs7cubomdyxs4vvy8qs3abakiwiluh26yrc.jpg\",\"2x\":\"https:\/\/www.chairkit.com\/wp-content\/uploads\/bfi_thumb\/bild-08-load-here-plattform-kitzbuhel-scaled-rkomsb1mjoes3s56onro6otj1ryxm3n0ccy19y82y8.jpg\",\"mobile\":\"\",\"responsive\":\"true\"}'  width=\"391\" height=\"300\"  \/>\n\n                \t    <div class=\"image-hover-overlay\"><\/div>\n\t\n                                    <div class=\"icons-holder\">\n                        \n<a class=\"hover-icon from-left project-load\" target=\"_self\" href=\"https:\/\/www.chairkit.com\/en\/portfolio-posts\/load-here-plattformen\/\" data-post-id=\"8856\"><svg  class=\"mk-svg-icon\" data-name=\"mk-jupiter-icon-arrow-circle\" data-cacheid=\"icon-69ef89880eedc\" style=\" height:32px; width: 32px; \"  xmlns=\"http:\/\/www.w3.org\/2000\/svg\" viewbox=\"0 0 512 512\"><path d=\"M240 24c115.2 0 209.6 94.4 209.6 209.6s-94.4 209.6-209.6 209.6-209.6-94.4-209.6-209.6 94.4-209.6 209.6-209.6zm0-30.4c-132.8 0-240 107.2-240 240s107.2 240 240 240 240-107.2 240-240-107.2-240-240-240zm16 336c-4.8 0-8-1.6-11.2-4.8-6.4-6.4-6.4-16 0-22.4l68.8-68.8-68.8-68.8c-6.4-6.4-6.4-16 0-22.4s16-6.4 22.4 0l80 80c6.4 6.4 6.4 16 0 22.4l-80 80c-3.2 3.2-8 4.8-11.2 4.8zm80-80h-192c-9.6 0-16-6.4-16-16s6.4-16 16-16h192c9.6 0 16 6.4 16 16s-8 16-16 16z\"\/><\/svg><\/a>                    <\/div>\n\n                    <div class=\"portfolio-meta\">\n                        <div class=\"add-middle-align\">\n                            <h3 class=\"the-title\"><a target=\"_self\" href=\"https:\/\/www.chairkit.com\/en\/portfolio-posts\/load-here-plattformen\/\">Load Here Plattforms<\/a><\/h3><div class=\"clearboth\"><\/div>\t<div class=\"portfolio-categories\"><\/div>\n                        <\/div>\n                    <\/div><!-- Portfolio meta -->\n                \n        <\/div><!-- Featured Image -->\n    <\/div><!-- Item Holder -->\n<\/article>\n\n<article id=\"8858\" class=\"mk-portfolio-item mk-portfolio-grid-item three-column zoomin-hover\" >\n\n    <div class=\"item-holder\">\n\n        <div class=\"featured-image js-taphover\" onclick=\"\">\n\n            <img decoding=\"async\" class=\"portfolio-image\" alt=\"Zugangsschranken\" title=\"Easy Access Gates\" src=\"https:\/\/www.chairkit.com\/wp-content\/uploads\/bfi_thumb\/dummy-transparent-rinibzyarkoqwgvkbtdchf1owg7rcxbmcb0s7ppo54.png\" data-mk-image-src-set='{\"default\":\"https:\/\/www.chairkit.com\/wp-content\/uploads\/bfi_thumb\/bild-07-zugangsschranke-rkon88f1l55r1thiytmk4v9f3tl6qnssfck17uktbs.jpg\",\"2x\":\"https:\/\/www.chairkit.com\/wp-content\/uploads\/bfi_thumb\/bild-07-zugangsschranke-rkon88f6cm7otx0bojm3fo4petgu1gv9v6w80qlxio.jpg\",\"mobile\":\"\",\"responsive\":\"true\"}'  width=\"391\" height=\"300\"  \/>\n\n                \t    <div class=\"image-hover-overlay\"><\/div>\n\t\n                                    <div class=\"icons-holder\">\n                        \n<a class=\"hover-icon from-left project-load\" target=\"_self\" href=\"https:\/\/www.chairkit.com\/en\/portfolio-posts\/zugangsscharnke\/\" data-post-id=\"8858\"><svg  class=\"mk-svg-icon\" data-name=\"mk-jupiter-icon-arrow-circle\" data-cacheid=\"icon-69ef898812fa7\" style=\" height:32px; width: 32px; \"  xmlns=\"http:\/\/www.w3.org\/2000\/svg\" viewbox=\"0 0 512 512\"><path d=\"M240 24c115.2 0 209.6 94.4 209.6 209.6s-94.4 209.6-209.6 209.6-209.6-94.4-209.6-209.6 94.4-209.6 209.6-209.6zm0-30.4c-132.8 0-240 107.2-240 240s107.2 240 240 240 240-107.2 240-240-107.2-240-240-240zm16 336c-4.8 0-8-1.6-11.2-4.8-6.4-6.4-6.4-16 0-22.4l68.8-68.8-68.8-68.8c-6.4-6.4-6.4-16 0-22.4s16-6.4 22.4 0l80 80c6.4 6.4 6.4 16 0 22.4l-80 80c-3.2 3.2-8 4.8-11.2 4.8zm80-80h-192c-9.6 0-16-6.4-16-16s6.4-16 16-16h192c9.6 0 16 6.4 16 16s-8 16-16 16z\"\/><\/svg><\/a>                    <\/div>\n\n                    <div class=\"portfolio-meta\">\n                        <div class=\"add-middle-align\">\n                            <h3 class=\"the-title\"><a target=\"_self\" href=\"https:\/\/www.chairkit.com\/en\/portfolio-posts\/zugangsscharnke\/\">Easy Access Gates<\/a><\/h3><div class=\"clearboth\"><\/div>\t<div class=\"portfolio-categories\"><\/div>\n                        <\/div>\n                    <\/div><!-- Portfolio meta -->\n                \n        <\/div><!-- Featured Image -->\n    <\/div><!-- Item Holder -->\n<\/article>\n\n<article id=\"8860\" class=\"mk-portfolio-item mk-portfolio-grid-item three-column zoomin-hover\" >\n\n    <div class=\"item-holder\">\n\n        <div class=\"featured-image js-taphover\" onclick=\"\">\n\n            <img decoding=\"async\" class=\"portfolio-image\" alt=\"Zubeh\u00f6r\" title=\"Accessories\" src=\"https:\/\/www.chairkit.com\/wp-content\/uploads\/bfi_thumb\/dummy-transparent-rinibzyarkoqwgvkbtdchf1owg7rcxbmcb0s7ppo54.png\" data-mk-image-src-set='{\"default\":\"https:\/\/www.chairkit.com\/wp-content\/uploads\/bfi_thumb\/bild-09-gurtreparaturset-rkon7tdmjsl5w23den4j0z21lnnbbi531a49jf743c.jpg\",\"2x\":\"https:\/\/www.chairkit.com\/wp-content\/uploads\/bfi_thumb\/bild-09-gurtreparaturset-rkon7tdrb9n3o5m64d42brxbwniymb7kh4ggcb88a8.jpg\",\"mobile\":\"\",\"responsive\":\"true\"}'  width=\"391\" height=\"300\"  \/>\n\n                \t    <div class=\"image-hover-overlay\"><\/div>\n\t\n                                    <div class=\"icons-holder\">\n                        \n<a class=\"hover-icon from-left project-load\" target=\"_self\" href=\"https:\/\/www.chairkit.com\/en\/portfolio-posts\/zubehoer\/\" data-post-id=\"8860\"><svg  class=\"mk-svg-icon\" data-name=\"mk-jupiter-icon-arrow-circle\" data-cacheid=\"icon-69ef8988170da\" style=\" height:32px; width: 32px; \"  xmlns=\"http:\/\/www.w3.org\/2000\/svg\" viewbox=\"0 0 512 512\"><path d=\"M240 24c115.2 0 209.6 94.4 209.6 209.6s-94.4 209.6-209.6 209.6-209.6-94.4-209.6-209.6 94.4-209.6 209.6-209.6zm0-30.4c-132.8 0-240 107.2-240 240s107.2 240 240 240 240-107.2 240-240-107.2-240-240-240zm16 336c-4.8 0-8-1.6-11.2-4.8-6.4-6.4-6.4-16 0-22.4l68.8-68.8-68.8-68.8c-6.4-6.4-6.4-16 0-22.4s16-6.4 22.4 0l80 80c6.4 6.4 6.4 16 0 22.4l-80 80c-3.2 3.2-8 4.8-11.2 4.8zm80-80h-192c-9.6 0-16-6.4-16-16s6.4-16 16-16h192c9.6 0 16 6.4 16 16s-8 16-16 16z\"\/><\/svg><\/a>                    <\/div>\n\n                    <div class=\"portfolio-meta\">\n                        <div class=\"add-middle-align\">\n                            <h3 class=\"the-title\"><a target=\"_self\" href=\"https:\/\/www.chairkit.com\/en\/portfolio-posts\/zubehoer\/\">Accessories<\/a><\/h3><div class=\"clearboth\"><\/div>\t<div class=\"portfolio-categories\"><\/div>\n                        <\/div>\n                    <\/div><!-- Portfolio meta -->\n                \n        <\/div><!-- Featured Image -->\n    <\/div><!-- Item Holder -->\n<\/article>\n\n<article id=\"8863\" class=\"mk-portfolio-item mk-portfolio-grid-item three-column zoomin-hover\" >\n\n    <div class=\"item-holder\">\n\n        <div class=\"featured-image js-taphover\" onclick=\"\">\n\n            <img decoding=\"async\" class=\"portfolio-image\" alt=\"Fremdanlagen\" title=\"Other conveyor systems\" src=\"https:\/\/www.chairkit.com\/wp-content\/uploads\/bfi_thumb\/dummy-transparent-rinibzyarkoqwgvkbtdchf1owg7rcxbmcb0s7ppo54.png\" data-mk-image-src-set='{\"default\":\"https:\/\/www.chairkit.com\/wp-content\/uploads\/bfi_thumb\/young-blonde-woman-in-ski-goggles-and-helmet-skiing-on-a-snowy-mountain-slope-scaled-rkomqmvtmt2hon1rq7s0gb4qq4bsmnxpc8urrco5tk.jpg\",\"2x\":\"https:\/\/www.chairkit.com\/wp-content\/uploads\/bfi_thumb\/young-blonde-woman-in-ski-goggles-and-helmet-skiing-on-a-snowy-mountain-slope-scaled-rkomqmvyea4fgqkkfxrjr401147fxh06s36yk8pa0g.jpg\",\"mobile\":\"\",\"responsive\":\"true\"}'  width=\"391\" height=\"300\"  \/>\n\n                \t    <div class=\"image-hover-overlay\"><\/div>\n\t\n                                    <div class=\"icons-holder\">\n                        \n<a class=\"hover-icon from-left project-load\" target=\"_self\" href=\"https:\/\/www.chairkit.com\/en\/portfolio-posts\/fremdanlagen\/\" data-post-id=\"8863\"><svg  class=\"mk-svg-icon\" data-name=\"mk-jupiter-icon-arrow-circle\" data-cacheid=\"icon-69ef89881ab97\" style=\" height:32px; width: 32px; \"  xmlns=\"http:\/\/www.w3.org\/2000\/svg\" viewbox=\"0 0 512 512\"><path d=\"M240 24c115.2 0 209.6 94.4 209.6 209.6s-94.4 209.6-209.6 209.6-209.6-94.4-209.6-209.6 94.4-209.6 209.6-209.6zm0-30.4c-132.8 0-240 107.2-240 240s107.2 240 240 240 240-107.2 240-240-107.2-240-240-240zm16 336c-4.8 0-8-1.6-11.2-4.8-6.4-6.4-6.4-16 0-22.4l68.8-68.8-68.8-68.8c-6.4-6.4-6.4-16 0-22.4s16-6.4 22.4 0l80 80c6.4 6.4 6.4 16 0 22.4l-80 80c-3.2 3.2-8 4.8-11.2 4.8zm80-80h-192c-9.6 0-16-6.4-16-16s6.4-16 16-16h192c9.6 0 16 6.4 16 16s-8 16-16 16z\"\/><\/svg><\/a>                    <\/div>\n\n                    <div class=\"portfolio-meta\">\n                        <div class=\"add-middle-align\">\n                            <h3 class=\"the-title\"><a target=\"_self\" href=\"https:\/\/www.chairkit.com\/en\/portfolio-posts\/fremdanlagen\/\">Other conveyor systems<\/a><\/h3><div class=\"clearboth\"><\/div>\t<div class=\"portfolio-categories\"><\/div>\n                        <\/div>\n                    <\/div><!-- Portfolio meta -->\n                \n        <\/div><!-- Featured Image -->\n    <\/div><!-- Item Holder -->\n<\/article>\n\n\t<\/section>\n\n\t\t<input type=\"hidden\" id=\"safe_load_more\" name=\"safe_load_more\" value=\"b88067dfc3\" \/><input type=\"hidden\" name=\"_wp_http_referer\" value=\"\/en\/wp-json\/wp\/v2\/pages\/8696\" \/>\n\t\t\t\t<span class=\"mk-ajax-loaded-posts\" data-loop-loaded-posts=\"8675, 8854, 8856, 8858, 8860, 8863\"><\/span>\n\n\t\t\t<\/div>\n<\/div>\n\n<\/div>\n\t<\/div>\n\n<\/div>","protected":false},"excerpt":{"rendered":"FREMDANLAGEN Downloads: Produktblatt Sie betreiben eine Anlage, die nicht aus dem Hause Chairkit kommt? Kein Problem! Wir haben Ersatzteile, f\u00fchren Reparaturarbeiten durch oder tauschen die Anlage aus Compac Lieferung von Original-Ersatzteilen f\u00fcr nahezu alle Compac- Einstiegsf\u00f6rderb\u00e4nder, wie etwa Gummiprofile, Ketten, Zahnr\u00e4der, Abdeckungen, Lager, Trapezprofile oder Verschlei\u00dfteile Austausch der gesamten Anlage gegen eine Chairkit Anlage in [...]","protected":false},"author":1,"featured_media":0,"parent":0,"menu_order":0,"comment_status":"closed","ping_status":"closed","template":"","meta":{"footnotes":""},"class_list":["post-8696","page","type-page","status-publish","hentry"],"_links":{"self":[{"href":"https:\/\/www.chairkit.com\/en\/wp-json\/wp\/v2\/pages\/8696","targetHints":{"allow":["GET"]}}],"collection":[{"href":"https:\/\/www.chairkit.com\/en\/wp-json\/wp\/v2\/pages"}],"about":[{"href":"https:\/\/www.chairkit.com\/en\/wp-json\/wp\/v2\/types\/page"}],"author":[{"embeddable":true,"href":"https:\/\/www.chairkit.com\/en\/wp-json\/wp\/v2\/users\/1"}],"replies":[{"embeddable":true,"href":"https:\/\/www.chairkit.com\/en\/wp-json\/wp\/v2\/comments?post=8696"}],"version-history":[{"count":91,"href":"https:\/\/www.chairkit.com\/en\/wp-json\/wp\/v2\/pages\/8696\/revisions"}],"predecessor-version":[{"id":9659,"href":"https:\/\/www.chairkit.com\/en\/wp-json\/wp\/v2\/pages\/8696\/revisions\/9659"}],"wp:attachment":[{"href":"https:\/\/www.chairkit.com\/en\/wp-json\/wp\/v2\/media?parent=8696"}],"curies":[{"name":"wp","href":"https:\/\/api.w.org\/{rel}","templated":true}]}}