{"id":7,"date":"2017-03-15T13:19:03","date_gmt":"2017-03-15T12:19:03","guid":{"rendered":"http:\/\/demos.artbees.net\/jupiter5\/perseus\/?page_id=7"},"modified":"2022-07-13T13:54:05","modified_gmt":"2022-07-13T11:54:05","slug":"ueber-uns","status":"publish","type":"page","link":"https:\/\/www.chairkit.com\/en\/ueber-uns\/","title":{"rendered":"About Us"},"content":{"rendered":"<div class=\"wpb-content-wrapper\">\n<div class=\"mk-page-section-wrapper\" data-mk-full-width=\"true\" data-mk-full-width-init=\"true\" data-mk-stretch-content=\"true\">\n\t<div id=\"page-section-1\" class=\"mk-page-section social-hosted   full_layout full-width-1 js-el js-master-row jupiter-donut-    center-y\"  data-source=\"youtube\" data-sound=\"false\" data-intro-effect=\"false\">\n\n\t\t\t\n\t\t\t<div class=\"mk-page-section-inner\">\n\t\t\t\t\n\n\n<div style=\"background-color:#304857;opacity:0.7;\" class=\"mk-video-color-mask\"><\/div>\n\n\t\t\t\t\n\t\t<div class=\"mk-section-video   js-el\" data-mk-component=\"Parallax\" data-parallax-config='{\"speed\" : 0.3 }'>\n\t\t<div class=\"video-social-hosted mk-center-video\">\n\n\t\t\t\t\t\t\t\t\t\t\t\t\t<iframe src=\"https:\/\/www.youtube.com\/embed\/Q4tWGvykxoQ?rel=0&amp;wmode=transparent&amp;enablejsapi=1&amp;controls=0&amp;showinfo=0&amp;playsinline=1&amp;loop=1&amp;playlist=Q4tWGvykxoQ\"><\/iframe>\n\n\t\t\t\t\t\t<\/div>\n\t\t<\/div>\n\n\n\n\t\t\t\t\t\t\t<\/div>\n\n\t\t\t\n        <div class=\"page-section-content vc_row-fluid mk-grid\" >\n            <div class=\"mk-padding-wrapper wpb_row\">\n<div class=\"vc_col-sm-12 wpb_column column_container  jupiter-donut- _ jupiter-donut-height-full\">\n\t\n\n<div class=\"wpb_row vc_inner vc_row vc_row-fluid jupiter-donut-   attched-false\">\n\t\t\t<div class=\"wpb_column vc_column_container vc_col-sm-3\"><div class=\"vc_column-inner\"><div class=\"wpb_wrapper\"><\/div><\/div><\/div><div class=\"wpb_column vc_column_container vc_col-sm-6\"><div class=\"vc_column-inner\"><div class=\"wpb_wrapper\">\n<h1 id=\"fancy-title-3\" class=\"mk-fancy-title  simple-style jupiter-donut-  color-single\">\n\t<span>\n\t\t\t\t<p>THE ONLY KIT<\/p>\n\t\t\t<\/span>\n<\/h1>\n<div class=\"clearboth\"><\/div>\n\n\n\n\n<h1 id=\"fancy-title-4\" class=\"mk-fancy-title  simple-style jupiter-donut-  color-single\">\n\t<span>\n\t\t\t\t<p>YOUR CHAIR NEEDS.<\/p>\n\t\t\t<\/span>\n<\/h1>\n<div class=\"clearboth\"><\/div>\n\n\n\n<\/div><\/div><\/div><div class=\"wpb_column vc_column_container vc_col-sm-3\"><div class=\"vc_column-inner\"><div class=\"wpb_wrapper\"><\/div><\/div><\/div>\t<\/div>\n<\/div>\n<\/div>\n            <div class=\"clearboth\"><\/div>\n        <\/div>\n\n\n\t\t\t\n\t\t\t\n\t\t\t\n\t\t<div class=\"clearboth\"><\/div>\n\t<\/div>\n<\/div>\n<div class=\"vc_row-full-width vc_clearfix\"><\/div>\n\n\n<div  data-mk-stretch-content=\"true\" class=\"wpb_row vc_row vc_row-fluid jupiter-donut- mk-fullwidth-false  attched-false     js-master-row  mk-grid\">\n\t\t\t\t\n<div class=\"vc_col-sm-12 wpb_column column_container  jupiter-donut- _ jupiter-donut-height-full\">\n\t\n<div id=\"padding-6\" class=\"mk-padding-divider jupiter-donut-  jupiter-donut-clearfix\"><\/div>\n\n<\/div>\n\t<\/div>\n\n<div  data-mk-stretch-content=\"true\" class=\"wpb_row vc_row vc_row-fluid jupiter-donut- mk-fullwidth-false  attched-false     js-master-row  mk-grid\">\n\t\t\t\t\n<div class=\"vc_col-sm-12 wpb_column column_container  jupiter-donut- _ jupiter-donut-height-full\">\n\t\n<h2 id=\"fancy-title-8\" class=\"mk-fancy-title  simple-style jupiter-donut-  color-single\">\n\t<span>\n\t\t\t\t<p style=\"text-align: center;\">Chairkit is the world\u00b4s leading supplier for loading conveyors. Only with a Chairkit passengers can be transported safely, easily and simply to all kind of rides, maximum efficiency is guaranteed.We would be happy to bring flow to your rides.<\/p>\n\t\t\t<\/span>\n<\/h2>\n<div class=\"clearboth\"><\/div>\n\n\n\n<\/div>\n\t<\/div>\n\n<div  data-mk-stretch-content=\"true\" class=\"wpb_row vc_row vc_row-fluid jupiter-donut- mk-fullwidth-false  attched-false     js-master-row  mk-grid\">\n\t\t\t\t\n<div class=\"vc_col-sm-12 wpb_column column_container  jupiter-donut- _ jupiter-donut-height-full\">\n\t\n<div id=\"padding-10\" class=\"mk-padding-divider jupiter-donut-  jupiter-donut-clearfix\"><\/div>\n\n<\/div>\n\t<\/div>\n\n<div  data-mk-full-width=\"true\" data-mk-full-width-init=\"false\" class=\"wpb_row vc_row vc_row-fluid jupiter-donut- mk-fullwidth-true  attched-false    vc_custom_1656492062913  js-master-row\">\n\t\t\t<div class=\"mk-grid\">\n\t\t\t\t\n<div class=\"vc_col-sm-4 wpb_column column_container  jupiter-donut- _ jupiter-donut-height-full\">\n\t\n<div id=\"milestone-12\" class=\"mk-milestone milestone-large center-align  jupiter-donut-\">\n\n\t\t<i><svg  class=\"mk-svg-icon\" data-name=\"mk-icon-star\" data-cacheid=\"icon-69efb07839297\" style=\" fill: #d51b00; \"  xmlns=\"http:\/\/www.w3.org\/2000\/svg\" viewbox=\"0 0 1664 1792\"><path d=\"M1664 647q0 22-26 48l-363 354 86 500q1 7 1 20 0 21-10.5 35.5t-30.5 14.5q-19 0-40-12l-449-236-449 236q-22 12-40 12-21 0-31.5-14.5t-10.5-35.5q0-6 2-20l86-500-364-354q-25-27-25-48 0-37 56-46l502-73 225-455q19-41 49-41t49 41l225 455 502 73q56 9 56 46z\"\/><\/svg><\/i>\n\n\t<div class=\"milestone-top\">\n\t\t\t\t<span style=\"color:#ffffff;font-size:100px;font-weight:bold\" class=\"milestone-number\" data-speed=\"2000\" data-stop=\"1\">100<\/span>\n\t\t\t\t<div style=\"color:#ffffff;font-size:16px\" class=\"milestone-text\">Chairkit is the world`s leading supplier for loading conveyors!<\/div>\t<\/div>\n\n\t<div class=\"clearboth\"><\/div>\n\t<\/div>\n<\/div>\n\n<div class=\"vc_col-sm-4 wpb_column column_container  jupiter-donut- _ jupiter-donut-height-full\">\n\t\n<div id=\"milestone-14\" class=\"mk-milestone milestone-large center-align  jupiter-donut-\">\n\n\t\t<i><svg  class=\"mk-svg-icon\" data-name=\"mk-icon-calendar\" data-cacheid=\"icon-69efb0783977f\" style=\" fill: #d51b00; \"  xmlns=\"http:\/\/www.w3.org\/2000\/svg\" viewbox=\"0 0 1664 1792\"><path d=\"M128 1664h288v-288h-288v288zm352 0h320v-288h-320v288zm-352-352h288v-320h-288v320zm352 0h320v-320h-320v320zm-352-384h288v-288h-288v288zm736 736h320v-288h-320v288zm-384-736h320v-288h-320v288zm768 736h288v-288h-288v288zm-384-352h320v-320h-320v320zm-352-864v-288q0-13-9.5-22.5t-22.5-9.5h-64q-13 0-22.5 9.5t-9.5 22.5v288q0 13 9.5 22.5t22.5 9.5h64q13 0 22.5-9.5t9.5-22.5zm736 864h288v-320h-288v320zm-384-384h320v-288h-320v288zm384 0h288v-288h-288v288zm32-480v-288q0-13-9.5-22.5t-22.5-9.5h-64q-13 0-22.5 9.5t-9.5 22.5v288q0 13 9.5 22.5t22.5 9.5h64q13 0 22.5-9.5t9.5-22.5zm384-64v1280q0 52-38 90t-90 38h-1408q-52 0-90-38t-38-90v-1280q0-52 38-90t90-38h128v-96q0-66 47-113t113-47h64q66 0 113 47t47 113v96h384v-96q0-66 47-113t113-47h64q66 0 113 47t47 113v96h128q52 0 90 38t38 90z\"\/><\/svg><\/i>\n\n\t<div class=\"milestone-top\">\n\t\t\t\t<span style=\"color:#ffffff;font-size:100px;font-weight:bold\" class=\"milestone-number\" data-speed=\"2000\" data-stop=\"20\">1<\/span>\n\t\t\t\t<div style=\"color:#ffffff;font-size:16px\" class=\"milestone-text\">For over 20 years!<\/div>\t<\/div>\n\n\t<div class=\"clearboth\"><\/div>\n\t<\/div>\n<\/div>\n\n<div class=\"vc_col-sm-4 wpb_column column_container  jupiter-donut- _ jupiter-donut-height-full\">\n\t\n<div id=\"milestone-16\" class=\"mk-milestone milestone-large center-align  jupiter-donut-\">\n\n\t\t<i><svg  class=\"mk-svg-icon\" data-name=\"mk-icon-map-marker\" data-cacheid=\"icon-69efb07839c20\" style=\" fill: #d51b00; \"  xmlns=\"http:\/\/www.w3.org\/2000\/svg\" viewbox=\"0 0 1024 1792\"><path d=\"M768 640q0-106-75-181t-181-75-181 75-75 181 75 181 181 75 181-75 75-181zm256 0q0 109-33 179l-364 774q-16 33-47.5 52t-67.5 19-67.5-19-46.5-52l-365-774q-33-70-33-179 0-212 150-362t362-150 362 150 150 362z\"\/><\/svg><\/i>\n\n\t<div class=\"milestone-top\">\n\t\t\t\t<span style=\"color:#ffffff;font-size:100px;font-weight:bold\" class=\"milestone-number\" data-speed=\"2000\" data-stop=\"+40\">+1<\/span>\n\t\t\t\t<div style=\"color:#ffffff;font-size:16px\" class=\"milestone-text\">n more than 40 countries, Chairkit ensures smooth loading of your passengers!<\/div>\t<\/div>\n\n\t<div class=\"clearboth\"><\/div>\n\t<\/div>\n<\/div>\n\t\t\t<\/div>\n\t<\/div>\n<div class=\"vc_row-full-width vc_clearfix\"><\/div>\n<div  data-mk-stretch-content=\"true\" class=\"wpb_row vc_row vc_row-fluid jupiter-donut- mk-fullwidth-false  attched-false     js-master-row  mk-grid\">\n\t\t\t\t\n<div class=\"vc_col-sm-12 wpb_column column_container  jupiter-donut- _ jupiter-donut-height-full\">\n\t\n<div id=\"padding-18\" class=\"mk-padding-divider jupiter-donut-  jupiter-donut-clearfix\"><\/div>\n\n<\/div>\n\t<\/div>\n\n<div  data-mk-stretch-content=\"true\" class=\"wpb_row vc_row vc_row-fluid jupiter-donut- mk-fullwidth-false  attched-false     js-master-row  mk-grid\">\n\t\t\t\t\n<div class=\"vc_col-sm-12 wpb_column column_container  jupiter-donut- _ jupiter-donut-height-full\">\n\t<div  class=\"mk-image mk-image-20 jupiter-donut-   align-center simple-frame inside-image\" style=\"margin-bottom:10px\"><div class=\"mk-image-container\" style=\"max-width: 1024px;\"><div  class=\"mk-image-holder\" style=\"max-width: 1024px;\"><div class=\"mk-image-inner\"><img decoding=\"async\" class=\"lightbox-false\" alt=\"chairkit-logo-dunkel\" title=\"chairkit-logo-dunkel\" width=\"1024\" height=\"153\" src=\"https:\/\/www.chairkit.com\/wp-content\/uploads\/2021\/02\/chairkit-logo-dunkel-1024x153.png\" \/><\/div><\/div><div class=\"clearboth\"><\/div><\/div><\/div>\n<h1 id=\"fancy-title-21\" class=\"mk-fancy-title  simple-style jupiter-donut-  color-single\">\n\t<span>\n\t\t\t\t<p>AUSTRIAN QUALITY FOR THE WHOLE WORLD<\/p>\n\t\t\t<\/span>\n<\/h1>\n<div class=\"clearboth\"><\/div>\n\n\n\n\t<div class=\"vc_custom_1612509817563\">\n\n<div id=\"text-block-22\" class=\"mk-text-block  jupiter-donut-\">\n\n\t\n\t<p style=\"text-align: center;\">In 1989, founder Manfred Huber started to develop a system that was intended to guarantee trouble-free loading of chairlifts for winter sport enthusiasts.The first installation was in Tyrol 1989. The company was soon transformed from a pioneer into a market leader and work also commenced apart from winter business on a loading system for amusement rides of all kinds. 2008 Chairkit North America was founded.<\/p>\n<p class=\"text-center\" style=\"text-align: center;\">Today Chairkit transports people faster, more efficiently and safer than ever before - in the winter on chairlifts, in the summer on amusement rides all over the world. At the same time, Chairkit ensures maximum user ease and safety, while providing a performance-enhancing effect for your installation.<\/p>\n\n\t<div class=\"clearboth\"><\/div>\n<\/div>\n\n\t<\/div>\n<\/div>\n\t<\/div>\n\n<div  data-mk-stretch-content=\"true\" class=\"wpb_row vc_row vc_row-fluid jupiter-donut- mk-fullwidth-false  attched-false     js-master-row  mk-grid\">\n\t\t\t\t\n<div class=\"vc_col-sm-12 wpb_column column_container  jupiter-donut- _ jupiter-donut-height-full\">\n\t\n<div id=\"padding-24\" class=\"mk-padding-divider jupiter-donut-  jupiter-donut-clearfix\"><\/div>\n\n<\/div>\n\t<\/div>\n\n<div  data-mk-full-width=\"true\" data-mk-full-width-init=\"false\" data-mk-stretch-content=\"true\" class=\"wpb_row vc_row vc_row-fluid jupiter-donut- mk-fullwidth-true  attched-false     js-master-row  mk-full-content-true\">\n\t\t\t\t\n<div class=\"vc_col-sm-12 wpb_column column_container  jupiter-donut- _ jupiter-donut-height-full\">\n\t\n<div class=\"mk-page-section-wrapper\" data-mk-full-width=\"true\" data-mk-full-width-init=\"true\" data-mk-stretch-content=\"true\">\n\t<div id=\"page-section-26\" class=\"mk-page-section social-hosted   full_layout full-width-26 js-el js-master-row jupiter-donut-    center-y\" data-mk-component=\"FullHeight\" data-fullheight-config='{\"min\": 1000}' data-source=\"youtube\" data-sound=\"false\" data-intro-effect=\"false\">\n\n\t\t\t\n\t\t\t<div class=\"mk-page-section-inner\">\n\t\t\t\t\n\n\n<div style=\"background-color:#304857;opacity:0.6;\" class=\"mk-video-color-mask\"><\/div>\n\n\t\t\t\t\n\t\t<div class=\"mk-section-video   js-el\" data-mk-component=\"Parallax\" data-parallax-config='{\"speed\" : 0.3 }'>\n\t\t<div class=\"video-social-hosted mk-center-video\">\n\n\t\t\t\t\t\t\t\t\t\t\t\t\t<iframe src=\"https:\/\/www.youtube.com\/embed\/sk1Rwqwb8J8?rel=0&amp;wmode=transparent&amp;enablejsapi=1&amp;controls=0&amp;showinfo=0&amp;playsinline=1&amp;loop=1&amp;playlist=sk1Rwqwb8J8\"><\/iframe>\n\n\t\t\t\t\t\t<\/div>\n\t\t<\/div>\n\n\n\n\t\t\t\t\t\t\t<\/div>\n\n\t\t\t\n        <div class=\"page-section-content vc_row-fluid page-section-fullwidth\" >\n            <div class=\"mk-padding-wrapper wpb_row\"><\/div>\n            <div class=\"clearboth\"><\/div>\n        <\/div>\n\n\n\t\t\t\n\t\t\t\n\t\t\t\n\t\t<div class=\"clearboth\"><\/div>\n\t<\/div>\n<\/div>\n<div class=\"vc_row-full-width vc_clearfix\"><\/div>\n\n<\/div>\n\t<\/div>\n<div class=\"vc_row-full-width vc_clearfix\"><\/div>\n<div  data-mk-stretch-content=\"true\" class=\"wpb_row vc_row vc_row-fluid jupiter-donut- mk-fullwidth-false  attched-false     js-master-row  mk-grid\">\n\t\t\t\t\n<div class=\"vc_col-sm-12 wpb_column column_container  jupiter-donut- _ jupiter-donut-height-full\">\n\t\n<div id=\"padding-28\" class=\"mk-padding-divider jupiter-donut-  jupiter-donut-clearfix\"><\/div>\n\n<\/div>\n\t<\/div>\n\n<div  data-mk-stretch-content=\"true\" class=\"wpb_row vc_row vc_row-fluid jupiter-donut- mk-fullwidth-false  attched-false     js-master-row  mk-grid\">\n\t\t\t\t\n<div class=\"vc_col-sm-12 wpb_column column_container  jupiter-donut- _ jupiter-donut-height-full\">\n\t\n<h1 id=\"fancy-title-30\" class=\"mk-fancy-title  simple-style jupiter-donut-  color-single\">\n\t<span>\n\t\t\t\t<p>YOUR ADVANTAGES<\/p>\n\t\t\t<\/span>\n<\/h1>\n<div class=\"clearboth\"><\/div>\n\n\n\n\n<div id=\"padding-31\" class=\"mk-padding-divider jupiter-donut-  jupiter-donut-clearfix\"><\/div>\n\n\n<div id=\"mk-process-32\" class=\"mk-process-steps process-steps-4  jupiter-donut-\">\n\n\t\n\t<ul>\n\t\t\n\t\t\t<li class=\"\">\n\n\t\t\t\t\t\t\t\t\t\t<span class=\"mk-process-icon\"><svg  class=\"mk-svg-icon\" data-name=\"mk-icon-clock-o\" data-cacheid=\"icon-69efb0783e1fa\" xmlns=\"http:\/\/www.w3.org\/2000\/svg\" viewbox=\"0 0 1536 1792\"><path d=\"M896 544v448q0 14-9 23t-23 9h-320q-14 0-23-9t-9-23v-64q0-14 9-23t23-9h224v-352q0-14 9-23t23-9h64q14 0 23 9t9 23zm416 352q0-148-73-273t-198-198-273-73-273 73-198 198-73 273 73 273 198 198 273 73 273-73 198-198 73-273zm224 0q0 209-103 385.5t-279.5 279.5-385.5 103-385.5-103-279.5-279.5-103-385.5 103-385.5 279.5-279.5 385.5-103 385.5 103 279.5 279.5 103 385.5z\"\/><\/svg><\/span>\n\t\t\t\t\n\n\t\t\t\t<div class=\"mk-process-detail\">\n\n\t\t\t\t\t\t\t\t\t\t\t\t<h3>Realizes maximum ride capacity<\/h3>\n\t\t\t\t\t\n\t\t\t\t\t<div class=\"clearboth\"><\/div>\n\n\t\t\t\t\t\t\t\t\t<\/div>\n\n\t\t\t<\/li>\n\t\t\n\t\t\t<li class=\"\">\n\n\t\t\t\t\t\t\t\t\t\t<span class=\"mk-process-icon\"><svg  class=\"mk-svg-icon\" data-name=\"mk-icon-arrow-down\" data-cacheid=\"icon-69efb0783e307\" xmlns=\"http:\/\/www.w3.org\/2000\/svg\" viewbox=\"0 0 1664 1792\"><path d=\"M1611 832q0 53-37 90l-651 652q-39 37-91 37-53 0-90-37l-651-652q-38-36-38-90 0-53 38-91l74-75q39-37 91-37 53 0 90 37l294 294v-704q0-52 38-90t90-38h128q52 0 90 38t38 90v704l294-294q37-37 90-37 52 0 91 37l75 75q37 39 37 91z\"\/><\/svg><\/span>\n\t\t\t\t\n\n\t\t\t\t<div class=\"mk-process-detail\">\n\n\t\t\t\t\t\t\t\t\t\t\t\t<h3>Smooth &amp; seamless loading for fewer stops<\/h3>\n\t\t\t\t\t\n\t\t\t\t\t<div class=\"clearboth\"><\/div>\n\n\t\t\t\t\t\t\t\t\t<\/div>\n\n\t\t\t<\/li>\n\t\t\n\t\t\t<li class=\"\">\n\n\t\t\t\t\t\t\t\t\t\t<span class=\"mk-process-icon\"><svg  class=\"mk-svg-icon\" data-name=\"mk-icon-child\" data-cacheid=\"icon-69efb0783e416\" xmlns=\"http:\/\/www.w3.org\/2000\/svg\" viewbox=\"0 0 1280 1792\"><path d=\"M1188 548l-292 292v824q0 46-33 79t-79 33-79-33-33-79v-384h-64v384q0 46-33 79t-79 33-79-33-33-79v-824l-292-292q-28-28-28-68t28-68 68-28 68 28l228 228h368l228-228q28-28 68-28t68 28 28 68-28 68zm-324-164q0 93-65.5 158.5t-158.5 65.5-158.5-65.5-65.5-158.5 65.5-158.5 158.5-65.5 158.5 65.5 65.5 158.5z\"\/><\/svg><\/span>\n\t\t\t\t\n\n\t\t\t\t<div class=\"mk-process-detail\">\n\n\t\t\t\t\t\t\t\t\t\t\t\t<h3>Lowers personnel requirments<\/h3>\n\t\t\t\t\t\n\t\t\t\t\t<div class=\"clearboth\"><\/div>\n\n\t\t\t\t\t\t\t\t\t<\/div>\n\n\t\t\t<\/li>\n\t\t\n\t\t\t<li class=\"\">\n\n\t\t\t\t\t\t\t\t\t\t<span class=\"mk-process-icon\"><svg  class=\"mk-svg-icon\" data-name=\"mk-moon-watch\" data-cacheid=\"icon-69efb0783e63f\" xmlns=\"http:\/\/www.w3.org\/2000\/svg\" viewbox=\"0 0 512 512\"><path d=\"M288 224h64v64h-128v-128h64zm160 32c0-71.066-38.613-133.109-96-166.308v-89.692h-192v89.692c-57.387 33.198-96 95.242-96 166.308 0 71.065 38.613 133.109 96 166.308v89.692h192v-89.692c57.387-33.199 96-95.243 96-166.308zm-192 128c-70.692 0-128-57.308-128-128s57.308-128 128-128 128 57.308 128 128-57.308 128-128 128z\"\/><\/svg><\/span>\n\t\t\t\t\n\n\t\t\t\t<div class=\"mk-process-detail\">\n\n\t\t\t\t\t\t\t\t\t\t\t\t<h3>Shorter &amp; stress-free lines<\/h3>\n\t\t\t\t\t\n\t\t\t\t\t<div class=\"clearboth\"><\/div>\n\n\t\t\t\t\t\t\t\t\t<\/div>\n\n\t\t\t<\/li>\n\t\t\n\t\t<div class=\"clearboth\"><\/div>\n\t<\/ul>\n<\/div>\n\n\n\n\n<div id=\"mk-process-33\" class=\"mk-process-steps process-steps-4  jupiter-donut-\">\n\n\t\n\t<ul>\n\t\t\n\t\t\t<li class=\"\">\n\n\t\t\t\t\t\t\t\t\t\t<span class=\"mk-process-icon\"><svg  class=\"mk-svg-icon\" data-name=\"mk-icon-life-saver\" data-cacheid=\"icon-69efb0783ea1d\" xmlns=\"http:\/\/www.w3.org\/2000\/svg\" viewbox=\"0 0 1792 1792\"><path d=\"M896 0q182 0 348 71t286 191 191 286 71 348-71 348-191 286-286 191-348 71-348-71-286-191-191-286-71-348 71-348 191-286 286-191 348-71zm0 128q-190 0-361 90l194 194q82-28 167-28t167 28l194-194q-171-90-361-90zm-678 1129l194-194q-28-82-28-167t28-167l-194-194q-90 171-90 361t90 361zm678 407q190 0 361-90l-194-194q-82 28-167 28t-167-28l-194 194q171 90 361 90zm0-384q159 0 271.5-112.5t112.5-271.5-112.5-271.5-271.5-112.5-271.5 112.5-112.5 271.5 112.5 271.5 271.5 112.5zm484-217l194 194q90-171 90-361t-90-361l-194 194q28 82 28 167t-28 167z\"\/><\/svg><\/span>\n\t\t\t\t\n\n\t\t\t\t<div class=\"mk-process-detail\">\n\n\t\t\t\t\t\t\t\t\t\t\t\t<h3>A truly safe means of transport<\/h3>\n\t\t\t\t\t\n\t\t\t\t\t<div class=\"clearboth\"><\/div>\n\n\t\t\t\t\t\t\t\t\t<\/div>\n\n\t\t\t<\/li>\n\t\t\n\t\t\t<li class=\"\">\n\n\t\t\t\t\t\t\t\t\t\t<span class=\"mk-process-icon\"><svg  class=\"mk-svg-icon\" data-name=\"mk-moon-coins\" data-cacheid=\"icon-69efb0783ec26\" xmlns=\"http:\/\/www.w3.org\/2000\/svg\" viewbox=\"0 0 512 512\"><path d=\"M335.333 158.667c-11.648 0-23.03 1.14-34.049 3.292-.873-.659-1.763-1.314-2.694-1.958 13.614-9.414 21.41-20.342 21.41-32v-32.001c0-35.346-71.634-64-160-64s-160 28.654-160 64v32c0 11.658 7.796 22.586 21.41 32-13.614 9.414-21.41 20.342-21.41 32v32c0 11.658 7.796 22.586 21.411 32-13.615 9.414-21.411 20.343-21.411 32v32c0 11.658 7.796 22.586 21.41 32-13.614 9.414-21.41 20.343-21.41 32v32c0 35.347 71.634 64 160 64 23.616 0 46.021-2.057 66.2-5.73 30.044 23.632 67.943 37.73 109.133 37.73 97.571 0 176.667-79.097 176.667-176.667 0-97.57-79.096-176.666-176.667-176.666zm-319.333-62.667c0-9.523 14.447-21.456 36.805-30.399 28.375-11.35 66.445-17.601 107.195-17.601s78.82 6.251 107.195 17.601c22.358 8.943 36.805 20.876 36.805 30.399s-14.447 21.456-36.805 30.399c-9.23 3.692-19.492 6.841-30.533 9.414-22.899 5.337-49.167 8.187-76.662 8.187s-53.763-2.85-76.663-8.187c-11.041-2.573-21.302-5.722-30.532-9.414-22.358-8.943-36.805-20.876-36.805-30.399zm0 192c0-7.067 7.961-15.46 21.203-22.975 29.35 14.041 73.463 22.975 122.797 22.975 1.71 0 3.406-.023 5.102-.047-4.188 15.08-6.436 30.967-6.436 47.38l.008.658c-27.013-.09-52.808-2.927-75.339-8.178-11.04-2.573-21.301-5.722-30.531-9.413-22.357-8.943-36.804-20.877-36.804-30.4zm144 144c-40.75 0-78.82-6.25-107.195-17.6-22.358-8.943-36.805-20.877-36.805-30.4 0-7.067 7.961-15.46 21.203-22.975 29.35 14.041 73.463 22.975 122.797 22.975 1.824 0 3.635-.023 5.443-.05 4.82 16.873 12.088 32.713 21.391 47.114-8.761.613-17.726.936-26.834.936zm0-192c-27.494 0-53.763-2.85-76.662-8.187-11.041-2.573-21.303-5.722-30.533-9.414-22.358-8.943-36.805-20.876-36.805-30.399 0-7.067 7.961-15.46 21.202-22.975 29.35 14.041 73.463 22.975 122.798 22.975 32.961 0 63.569-4.001 89.022-10.836-24.988 14.02-46.22 33.935-61.811 57.865-8.881.631-17.97.971-27.211.971zm175.333 239.879c-79.83 0-144.545-64.715-144.545-144.546 0-79.83 64.715-144.545 144.545-144.545 79.831 0 144.546 64.715 144.546 144.545 0 79.831-64.715 144.546-144.546 144.546zm16.667-255.879h-32v32h-64v96h64v32h-64v32h64v32h32v-32h64v-96h-64v-32h64v-32h-64v-32zm-32 96h-32v-32h32v32zm64 32v32h-32v-32h32z\"\/><\/svg><\/span>\n\t\t\t\t\n\n\t\t\t\t<div class=\"mk-process-detail\">\n\n\t\t\t\t\t\t\t\t\t\t\t\t<h3>Low annual operating costs<\/h3>\n\t\t\t\t\t\n\t\t\t\t\t<div class=\"clearboth\"><\/div>\n\n\t\t\t\t\t\t\t\t\t<\/div>\n\n\t\t\t<\/li>\n\t\t\n\t\t\t<li class=\"\">\n\n\t\t\t\t\t\t\t\t\t\t<span class=\"mk-process-icon\"><svg  class=\"mk-svg-icon\" data-name=\"mk-moon-happy\" data-cacheid=\"icon-69efb0783edde\" xmlns=\"http:\/\/www.w3.org\/2000\/svg\" viewbox=\"0 0 512 512\"><path d=\"M256-32c141.385 0 256 114.615 256 256s-114.615 256-256 256-256-114.615-256-256 114.615-256 256-256zm0 464c114.875 0 208-93.125 208-208s-93.125-208-208-208-208 93.125-208 208 93.125 208 208 208zm0-251.38c57.975 0 113.115 15.403 160 42.46-7.287-89.219-76.564-159.08-160-159.08-83.434 0-152.711 69.936-160 159.152 46.885-27.056 102.025-42.532 160-42.532zm-128 123.38a32 48 2700 1 0 64 0 32 48 2700 1 0-64 0zm192 0a32 48 2700 1 0 64 0 32 48 2700 1 0-64 0z\" transform=\"scale(1 -1) translate(0 -480)\"\/><\/svg><\/span>\n\t\t\t\t\n\n\t\t\t\t<div class=\"mk-process-detail\">\n\n\t\t\t\t\t\t\t\t\t\t\t\t<h3>Keeps guests in a good mood<\/h3>\n\t\t\t\t\t\n\t\t\t\t\t<div class=\"clearboth\"><\/div>\n\n\t\t\t\t\t\t\t\t\t<\/div>\n\n\t\t\t<\/li>\n\t\t\n\t\t\t<li class=\"\">\n\n\t\t\t\t\t\t\t\t\t\t<span class=\"mk-process-icon\"><svg  class=\"mk-svg-icon\" data-name=\"mk-moon-phone-2\" data-cacheid=\"icon-69efb0783ef73\" xmlns=\"http:\/\/www.w3.org\/2000\/svg\" viewbox=\"0 0 512 512\"><path d=\"M352 320c32-32 128 64 128 96s-96 96-96 96c-64 0-193.75-65.75-256-128s-128-192-128-256c0 0 64-96 96-96s128 96 96 128-64 32-64 64 32 64 64 96 64 64 96 64 32-32 64-64zm-32-192c-22.419 0-42.133 11.536-53.563 28.987 7.893-3.206 16.518-4.987 25.563-4.987 37.556 0 68 30.445 68 68 0 9.045-1.781 17.669-4.987 25.563 17.451-11.43 28.987-31.144 28.987-53.563 0-35.346-28.653-64-64-64zm16-64c-33.896 0-64.273 15.059-84.812 38.85 16.792-9.452 36.17-14.85 56.812-14.85 64.064 0 116 51.935 116 116 0 20.642-5.398 40.02-14.85 56.812 23.791-20.539 38.85-50.916 38.85-84.812 0-61.856-50.145-112-112-112zm32-64c-41.519 0-78.926 17.578-105.206 45.689 22.477-13.772 48.913-21.717 77.206-21.717 81.738 0 148 66.269 148 148.014 0 28.326-7.962 54.79-21.761 77.286 28.154-26.283 45.761-63.718 45.761-105.272 0-79.529-64.471-144-144-144z\"\/><\/svg><\/span>\n\t\t\t\t\n\n\t\t\t\t<div class=\"mk-process-detail\">\n\n\t\t\t\t\t\t\t\t\t\t\t\t<h3>Service and Parts readily available<\/h3>\n\t\t\t\t\t\n\t\t\t\t\t<div class=\"clearboth\"><\/div>\n\n\t\t\t\t\t\t\t\t\t<\/div>\n\n\t\t\t<\/li>\n\t\t\n\t\t<div class=\"clearboth\"><\/div>\n\t<\/ul>\n<\/div>\n\n\n\n<\/div>\n\t<\/div>\n\n<\/div>","protected":false},"excerpt":{"rendered":"THE ONLY KIT YOUR CHAIR NEEDS. Chairkit ist der weltweit f\u00fchrende Anbieter von Einstiegssystemen. Nur mit einem Chairkit k\u00f6nnen Fahrg\u00e4ste gleichm\u00e4\u00dfig, sicher und einfach zu Fahrgesch\u00e4ften aller Art transportiert werden, maximale Effizienz ist dabei garantiert. Wir w\u00fcrden uns freuen Ihr Fahrgesch\u00e4ft ins Rollen zu bringen. 100 Chairkit ist die Nummer 1 weltweit im Bereich Einstiegsf\u00f6rderb\u00e4nder! [...]","protected":false},"author":3,"featured_media":0,"parent":0,"menu_order":0,"comment_status":"closed","ping_status":"closed","template":"","meta":{"footnotes":""},"class_list":["post-7","page","type-page","status-publish","hentry"],"_links":{"self":[{"href":"https:\/\/www.chairkit.com\/en\/wp-json\/wp\/v2\/pages\/7","targetHints":{"allow":["GET"]}}],"collection":[{"href":"https:\/\/www.chairkit.com\/en\/wp-json\/wp\/v2\/pages"}],"about":[{"href":"https:\/\/www.chairkit.com\/en\/wp-json\/wp\/v2\/types\/page"}],"author":[{"embeddable":true,"href":"https:\/\/www.chairkit.com\/en\/wp-json\/wp\/v2\/users\/3"}],"replies":[{"embeddable":true,"href":"https:\/\/www.chairkit.com\/en\/wp-json\/wp\/v2\/comments?post=7"}],"version-history":[{"count":53,"href":"https:\/\/www.chairkit.com\/en\/wp-json\/wp\/v2\/pages\/7\/revisions"}],"predecessor-version":[{"id":9683,"href":"https:\/\/www.chairkit.com\/en\/wp-json\/wp\/v2\/pages\/7\/revisions\/9683"}],"wp:attachment":[{"href":"https:\/\/www.chairkit.com\/en\/wp-json\/wp\/v2\/media?parent=7"}],"curies":[{"name":"wp","href":"https:\/\/api.w.org\/{rel}","templated":true}]}}