{"id":3,"date":"2017-03-15T13:10:57","date_gmt":"2017-03-15T13:10:57","guid":{"rendered":"http:\/\/demos.artbees.net\/jupiter5\/perseus\/?page_id=3"},"modified":"2022-07-11T15:22:26","modified_gmt":"2022-07-11T13:22:26","slug":"home","status":"publish","type":"page","link":"https:\/\/www.chairkit.com\/en\/","title":{"rendered":"Home"},"content":{"rendered":"<div class=\"wpb-content-wrapper\">\n<div class=\"mk-page-section-wrapper\" data-mk-full-width=\"true\" data-mk-full-width-init=\"true\" data-mk-stretch-content=\"true\">\n\t<div id=\"page-section-1\" class=\"mk-page-section social-hosted   full_layout full-width-1 js-el js-master-row jupiter-donut-hidden-sm    center-y\" data-mk-component=\"FullHeight\" data-fullheight-config='{\"min\": 700}' data-source=\"youtube\" data-sound=\"false\" data-intro-effect=\"false\">\n\n\t\t\t\n\t\t\t<div class=\"mk-page-section-inner\">\n\t\t\t\t\n\n\n<div style=\"background-color:#145b87;opacity:0.2;\" class=\"mk-video-color-mask\"><\/div>\n\n\t\t\t\t\n\t\t<div class=\"mk-section-video   js-el\" data-mk-component=\"Parallax\" data-parallax-config='{\"speed\" : 0.3 }'>\n\t\t<div class=\"video-social-hosted mk-center-video\">\n\n\t\t\t\t\t\t\t\t\t\t\t\t\t<iframe src=\"https:\/\/www.youtube.com\/embed\/z81ZT-5sovM?rel=0&amp;wmode=transparent&amp;enablejsapi=1&amp;controls=0&amp;showinfo=0&amp;playsinline=1&amp;loop=1&amp;playlist=z81ZT-5sovM\"><\/iframe>\n\n\t\t\t\t\t\t<\/div>\n\t\t<\/div>\n\n\n\n\t\t\t\t\t\t\t<\/div>\n\n\t\t\t\n        <div class=\"page-section-content vc_row-fluid page-section-fullwidth fluid-width-equal-height-columns vertical-align-bottom\" >\n            <div class=\"mk-padding-wrapper wpb_row\">\n<div class=\"vc_col-sm-12 wpb_column column_container  jupiter-donut- _ jupiter-donut-height-full\">\n\t<div class=\"vc_icon_element vc_icon_element-outer vc_do_icon wpb_animate_when_almost_visible wpb_bounceInDown bounceInDown vc_icon_element-align-center\"><div class=\"vc_icon_element-inner vc_icon_element-color-custom vc_icon_element-size-lg vc_icon_element-style- vc_icon_element-background-color-grey\" ><span class=\"vc_icon_element-icon fas fa-angle-double-down\" style=\"color:#d51b00 !important\"><\/span><\/div><\/div><\/div>\n<\/div>\n            <div class=\"clearboth\"><\/div>\n        <\/div>\n\n\n\t\t\t\n\t\t\t\n\t\t\t\n\t\t<div class=\"clearboth\"><\/div>\n\t<\/div>\n<\/div>\n<div class=\"vc_row-full-width vc_clearfix\"><\/div>\n\n\n<div  data-mk-full-width=\"true\" data-mk-full-width-init=\"false\" data-mk-stretch-content=\"true\" class=\"wpb_row vc_row vc_row-fluid jupiter-donut- mk-fullwidth-true add-padding-0 attched-true     equal-columns js-master-row  mk-full-content-true\">\n\t\t\t\t\n<div class=\"vc_col-sm-12 wpb_column column_container  jupiter-donut- _ jupiter-donut-height-full\">\n\t\n\n<div class=\"wpb_row vc_inner vc_row vc_row-fluid jupiter-donut-  add-padding-0 attched-true\">\n\t\t\t<div class=\"wpb_column vc_column_container vc_col-sm-4\"><div class=\"vc_column-inner\"><div class=\"wpb_wrapper\">\n<div class=\"mk-custom-box jupiter-donut- hover-effect-image image-effect-zoom-in\" id=\"box-4\">\n\t<div class=\"box-holder\">\n\n<div id=\"flipbox-5\" onclick=\"\" class=\"mk-flipbox flip-vertical  jupiter-donut- jupiter-donut-height-full\">\n\t<div class=\"mk-flipbox-holder jupiter-donut-height-full jupiter-donut-text-center jupiter-donut-no-pointer jupiter-donut-perspective jupiter-donut-bezier-1\" style=\"min-height: 300px\">\n\n\t\t<div class=\"mk-flipbox-front jupiter-donut-col-1of2 jupiter-donut-no-backface jupiter-donut-origin-center jupiter-donut-bezier-1\">\n\t\t\t<div class=\"mk-flipbox-content jupiter-donut-width-full\">\n\t\t\t\t<div class=\"front-icon jupiter-donut-padding-20\">\n\t\t\t\t\t\t\t\t\t\t\t<svg class=\"mk-svg-icon\" data-name=\"mk-icon-arrows-h\" data-cacheid=\"icon-69f9f87351df8\" style=\" height:32px; width: 32px; \" xmlns=\"http:\/\/www.w3.org\/2000\/svg\" viewbox=\"0 0 1792 1792\"><path d=\"M1792 896q0 26-19 45l-256 256q-19 19-45 19t-45-19-19-45v-128h-1024v128q0 26-19 45t-45 19-45-19l-256-256q-19-19-19-45t19-45l256-256q19-19 45-19t45 19 19 45v128h1024v-128q0-26 19-45t45-19 45 19l256 256q19 19 19 45z\"><\/path><\/svg>\t\t\t\t\t\t\t\t\t<\/div>\n\n\t\t\t\t<div class=\"front-title jupiter-donut-padding-20\">LOADING SYSTEMS CHAIRLIFTS<\/div>\n\t\t\t\t<div class=\"front-desc jupiter-donut-padding-x-10-pr\"><\/div>\n\t\t\t<\/div>\n\t\t<\/div>\n\n\t\t<div class=\"mk-flipbox-back jupiter-donut-col-1of2 fold-back-vertical jupiter-donut-no-backface chrome-flipbox-backface-fix jupiter-donut-origin-center jupiter-donut-bezier-1 jupiter-donut-pointer\">\n\t\t\t<div class=\"mk-flipbox-content jupiter-donut-width-full\">\n\n\t\t\t\t<div class=\"back-title jupiter-donut-padding-20\">LOADING SYSTEMS CHAIRLIFTS<\/div>\n\t\t\t\t<div class=\"back-desc jupiter-donut-padding-x-10-pr\"><\/div>\n\n\t\t\t\t\n<div id=\"mk-button-6\" class=\"mk-button-container _ jupiter-donut-relative    jupiter-donut-block jupiter-donut-text-center back-button jupiter-donut-no-backface\">\n\n\t\n\t\t<a href=\"https:\/\/www.chairkit.com\/winter\/\" target=\"_self\" class=\"mk-button js-smooth-scroll mk-button--dimension-flat mk-button--size-small mk-button--corner-pointed text-color-light _ jupiter-donut-relative jupiter-donut-text-center jupiter-donut-font-weight-700 jupiter-donut-no-backface  letter-spacing-1 jupiter-donut-inline-block\"><span class=\"mk-button--text\">MEHR ZU EINSTIEGSSYSTEME SESSELBAHNEN<\/span><\/a>\n\n\t\n<\/div>\n\t\t\t<\/div>\n\t\t<\/div>\n\t<\/div>\n<\/div>\n\n\t\t<div class=\"jupiter-donut-clearfix\"><\/div>\n\t<div class=\"mk-custom-box--overlay\"><\/div>\n<\/div>\n<\/div>\n<\/div><\/div><\/div><div class=\"wpb_column vc_column_container vc_col-sm-4\"><div class=\"vc_column-inner\"><div class=\"wpb_wrapper\">\n<div class=\"mk-custom-box jupiter-donut- hover-effect-image image-effect-zoom-in\" id=\"box-7\">\n\t<div class=\"box-holder\">\n\n<div id=\"flipbox-8\" onclick=\"\" class=\"mk-flipbox flip-vertical  jupiter-donut- jupiter-donut-height-full\">\n\t<div class=\"mk-flipbox-holder jupiter-donut-height-full jupiter-donut-text-center jupiter-donut-no-pointer jupiter-donut-perspective jupiter-donut-bezier-1\" style=\"min-height: 300px\">\n\n\t\t<div class=\"mk-flipbox-front jupiter-donut-col-1of2 jupiter-donut-no-backface jupiter-donut-origin-center jupiter-donut-bezier-1\">\n\t\t\t<div class=\"mk-flipbox-content jupiter-donut-width-full\">\n\t\t\t\t<div class=\"front-icon jupiter-donut-padding-20\">\n\t\t\t\t\t\t\t\t\t\t\t<svg class=\"mk-svg-icon\" data-name=\"mk-icon-arrows-h\" data-cacheid=\"icon-69f9f87353577\" style=\" height:32px; width: 32px; \" xmlns=\"http:\/\/www.w3.org\/2000\/svg\" viewbox=\"0 0 1792 1792\"><path d=\"M1792 896q0 26-19 45l-256 256q-19 19-45 19t-45-19-19-45v-128h-1024v128q0 26-19 45t-45 19-45-19l-256-256q-19-19-19-45t19-45l256-256q19-19 45-19t45 19 19 45v128h1024v-128q0-26 19-45t45-19 45 19l256 256q19 19 19 45z\"><\/path><\/svg>\t\t\t\t\t\t\t\t\t<\/div>\n\n\t\t\t\t<div class=\"front-title jupiter-donut-padding-20\">LOADING SYSTEMS AMUSEMENT RIDES<\/div>\n\t\t\t\t<div class=\"front-desc jupiter-donut-padding-x-10-pr\"><\/div>\n\t\t\t<\/div>\n\t\t<\/div>\n\n\t\t<div class=\"mk-flipbox-back jupiter-donut-col-1of2 fold-back-vertical jupiter-donut-no-backface chrome-flipbox-backface-fix jupiter-donut-origin-center jupiter-donut-bezier-1 jupiter-donut-pointer\">\n\t\t\t<div class=\"mk-flipbox-content jupiter-donut-width-full\">\n\n\t\t\t\t<div class=\"back-title jupiter-donut-padding-20\">LOADING SYSTEMS AMUSEMENT RIDES<\/div>\n\t\t\t\t<div class=\"back-desc jupiter-donut-padding-x-10-pr\"><\/div>\n\n\t\t\t\t\n<div id=\"mk-button-9\" class=\"mk-button-container _ jupiter-donut-relative    jupiter-donut-block jupiter-donut-text-center back-button jupiter-donut-no-backface\">\n\n\t\n\t\t<a href=\"https:\/\/www.chairkit.com\/sommer\/\" target=\"_self\" class=\"mk-button js-smooth-scroll mk-button--dimension-flat mk-button--size-small mk-button--corner-pointed text-color-light _ jupiter-donut-relative jupiter-donut-text-center jupiter-donut-font-weight-700 jupiter-donut-no-backface  letter-spacing-1 jupiter-donut-inline-block\"><span class=\"mk-button--text\">MORE ABOUT LOADING SYSTEMS AMUSEMENT RIDES<\/span><\/a>\n\n\t\n<\/div>\n\t\t\t<\/div>\n\t\t<\/div>\n\t<\/div>\n<\/div>\n\n\t\t<div class=\"jupiter-donut-clearfix\"><\/div>\n\t<\/div>\n<\/div>\n<\/div><\/div><\/div><div class=\"wpb_column vc_column_container vc_col-sm-4\"><div class=\"vc_column-inner\"><div class=\"wpb_wrapper\">\n<div class=\"mk-custom-box jupiter-donut- hover-effect-image image-effect-zoom-in\" id=\"box-10\">\n\t<div class=\"box-holder\">\n\n<div id=\"flipbox-11\" onclick=\"\" class=\"mk-flipbox flip-vertical  jupiter-donut- jupiter-donut-height-full\">\n\t<div class=\"mk-flipbox-holder jupiter-donut-height-full jupiter-donut-text-center jupiter-donut-no-pointer jupiter-donut-perspective jupiter-donut-bezier-1\" style=\"min-height: 300px\">\n\n\t\t<div class=\"mk-flipbox-front jupiter-donut-col-1of2 jupiter-donut-no-backface jupiter-donut-origin-center jupiter-donut-bezier-1\">\n\t\t\t<div class=\"mk-flipbox-content jupiter-donut-width-full\">\n\t\t\t\t<div class=\"front-icon jupiter-donut-padding-20\">\n\t\t\t\t\t\t\t\t\t\t\t<svg class=\"mk-svg-icon\" data-name=\"mk-icon-arrows-h\" data-cacheid=\"icon-69f9f87354ca0\" style=\" height:32px; width: 32px; \" xmlns=\"http:\/\/www.w3.org\/2000\/svg\" viewbox=\"0 0 1792 1792\"><path d=\"M1792 896q0 26-19 45l-256 256q-19 19-45 19t-45-19-19-45v-128h-1024v128q0 26-19 45t-45 19-45-19l-256-256q-19-19-19-45t19-45l256-256q19-19 45-19t45 19 19 45v128h1024v-128q0-26 19-45t45-19 45 19l256 256q19 19 19 45z\"><\/path><\/svg>\t\t\t\t\t\t\t\t\t<\/div>\n\n\t\t\t\t<div class=\"front-title jupiter-donut-padding-20\">CONVEYOR FOR WATER RIDES<\/div>\n\t\t\t\t<div class=\"front-desc jupiter-donut-padding-x-10-pr\"><\/div>\n\t\t\t<\/div>\n\t\t<\/div>\n\n\t\t<div class=\"mk-flipbox-back jupiter-donut-col-1of2 fold-back-vertical jupiter-donut-no-backface chrome-flipbox-backface-fix jupiter-donut-origin-center jupiter-donut-bezier-1 jupiter-donut-pointer\">\n\t\t\t<div class=\"mk-flipbox-content jupiter-donut-width-full\">\n\n\t\t\t\t<div class=\"back-title jupiter-donut-padding-20\">CONVEYOR FOR WATER RIDES<\/div>\n\t\t\t\t<div class=\"back-desc jupiter-donut-padding-x-10-pr\"><\/div>\n\n\t\t\t\t\n<div id=\"mk-button-12\" class=\"mk-button-container _ jupiter-donut-relative    jupiter-donut-block jupiter-donut-text-center back-button jupiter-donut-no-backface\">\n\n\t\n\t\t<a href=\"https:\/\/www.chairkit.com\/wasserparks\/\" target=\"_self\" class=\"mk-button js-smooth-scroll mk-button--dimension-flat mk-button--size-small mk-button--corner-pointed text-color-light _ jupiter-donut-relative jupiter-donut-text-center jupiter-donut-font-weight-700 jupiter-donut-no-backface  letter-spacing-1 jupiter-donut-inline-block\"><span class=\"mk-button--text\">MORE ABOUT CONVEYOR FOR WATER RIDES<\/span><\/a>\n\n\t\n<\/div>\n\t\t\t<\/div>\n\t\t<\/div>\n\t<\/div>\n<\/div>\n\n\t\t<div class=\"jupiter-donut-clearfix\"><\/div>\n\t<\/div>\n<\/div>\n<\/div><\/div><\/div>\t<\/div>\n<\/div>\n\t<\/div>\n<div class=\"vc_row-full-width vc_clearfix\"><\/div>\n<\/div>","protected":false},"excerpt":{"rendered":"EINSTIEGSSYSTEME SESSELBAHNEN EINSTIEGSSYSTEME SESSELBAHNEN MEHR ZU EINSTIEGSSYSTEME SESSELBAHNEN EINSTIEGSSYSTEME FAHRGESCH\u00c4FTE EINSTIEGSSYSTEME FAHRGESCH\u00c4FTE MEHR ZU EINSTIEGSSYSTEME FAHRGESCH\u00c4FTE F\u00d6RDERB\u00c4NDER F\u00dcR WASSERPARKS F\u00d6RDERB\u00c4NDER F\u00dcR WASSERPARKS MEHR ZU F\u00d6RDERB\u00c4NDER F\u00dcR WASSERPARKS","protected":false},"author":2,"featured_media":0,"parent":0,"menu_order":0,"comment_status":"closed","ping_status":"closed","template":"","meta":{"footnotes":""},"class_list":["post-3","page","type-page","status-publish","hentry"],"_links":{"self":[{"href":"https:\/\/www.chairkit.com\/en\/wp-json\/wp\/v2\/pages\/3","targetHints":{"allow":["GET"]}}],"collection":[{"href":"https:\/\/www.chairkit.com\/en\/wp-json\/wp\/v2\/pages"}],"about":[{"href":"https:\/\/www.chairkit.com\/en\/wp-json\/wp\/v2\/types\/page"}],"author":[{"embeddable":true,"href":"https:\/\/www.chairkit.com\/en\/wp-json\/wp\/v2\/users\/2"}],"replies":[{"embeddable":true,"href":"https:\/\/www.chairkit.com\/en\/wp-json\/wp\/v2\/comments?post=3"}],"version-history":[{"count":170,"href":"https:\/\/www.chairkit.com\/en\/wp-json\/wp\/v2\/pages\/3\/revisions"}],"predecessor-version":[{"id":9657,"href":"https:\/\/www.chairkit.com\/en\/wp-json\/wp\/v2\/pages\/3\/revisions\/9657"}],"wp:attachment":[{"href":"https:\/\/www.chairkit.com\/en\/wp-json\/wp\/v2\/media?parent=3"}],"curies":[{"name":"wp","href":"https:\/\/api.w.org\/{rel}","templated":true}]}}